{"id":3565,"date":"2022-04-18T22:28:25","date_gmt":"2022-04-18T20:28:25","guid":{"rendered":"https:\/\/jabrzezinscy.pl\/?page_id=3565"},"modified":"2025-08-10T14:09:30","modified_gmt":"2025-08-10T12:09:30","slug":"https-jabrzezinscy-pl-page-id3565","status":"publish","type":"page","link":"https:\/\/jabrzezinscy.pl\/?page_id=3565","title":{"rendered":"Jak kupowa\u0107?"},"content":{"rendered":"\t\t<div data-elementor-type=\"wp-page\" data-elementor-id=\"3565\" class=\"elementor elementor-3565\">\n\t\t\t\t\t\t<section class=\"elementor-section elementor-top-section elementor-element elementor-element-3f474a2 elementor-section-boxed elementor-section-height-default elementor-section-height-default\" data-id=\"3f474a2\" data-element_type=\"section\" data-e-type=\"section\">\n\t\t\t\t\t\t<div class=\"elementor-container elementor-column-gap-default\">\n\t\t\t\t\t<div class=\"elementor-column elementor-col-100 elementor-top-column elementor-element elementor-element-ae5890c\" data-id=\"ae5890c\" data-element_type=\"column\" data-e-type=\"column\">\n\t\t\t<div class=\"elementor-widget-wrap elementor-element-populated\">\n\t\t\t\t\t\t<div class=\"elementor-element elementor-element-0a11d77 elementor-widget elementor-widget-image\" data-id=\"0a11d77\" data-element_type=\"widget\" data-e-type=\"widget\" data-widget_type=\"image.default\">\n\t\t\t\t<div class=\"elementor-widget-container\">\n\t\t\t\t\t\t\t\t\t\t\t\t\t\t\t\t<a href=\"https:\/\/jabrzezinscy.pl\/wp-content\/uploads\/2024\/08\/Instrukcja-kupna-obrazu-w-3-krokach.png\" data-elementor-open-lightbox=\"yes\" data-elementor-lightbox-title=\"Instrukcja kupna obrazu w 3 krokach\" data-e-action-hash=\"#elementor-action%3Aaction%3Dlightbox%26settings%3DeyJpZCI6NTQ2NSwidXJsIjoiaHR0cHM6XC9cL2phYnJ6ZXppbnNjeS5wbFwvd3AtY29udGVudFwvdXBsb2Fkc1wvMjAyNFwvMDhcL0luc3RydWtjamEta3VwbmEtb2JyYXp1LXctMy1rcm9rYWNoLndlYnAifQ%3D%3D\">\n\t\t\t\t\t\t\t<img fetchpriority=\"high\" decoding=\"async\" width=\"1366\" height=\"768\" src=\"https:\/\/jabrzezinscy.pl\/wp-content\/uploads\/2024\/08\/Instrukcja-kupna-obrazu-w-3-krokach.webp\" class=\"attachment-full size-full wp-image-5465\" alt=\"\" \/>\t\t\t\t\t\t\t\t<\/a>\n\t\t\t\t\t\t\t\t\t\t\t\t\t\t\t<\/div>\n\t\t\t\t<\/div>\n\t\t\t\t\t<\/div>\n\t\t<\/div>\n\t\t\t\t\t<\/div>\n\t\t<\/section>\n\t\t\t\t<section class=\"elementor-section elementor-top-section elementor-element elementor-element-34fe5ce elementor-section-boxed elementor-section-height-default elementor-section-height-default\" data-id=\"34fe5ce\" data-element_type=\"section\" data-e-type=\"section\">\n\t\t\t\t\t\t<div class=\"elementor-container elementor-column-gap-default\">\n\t\t\t\t\t<div class=\"elementor-column elementor-col-100 elementor-top-column elementor-element elementor-element-a1d1731\" data-id=\"a1d1731\" data-element_type=\"column\" data-e-type=\"column\">\n\t\t\t<div class=\"elementor-widget-wrap elementor-element-populated\">\n\t\t\t\t\t\t<div class=\"elementor-element elementor-element-4e2bf85 elementor-widget elementor-widget-text-editor\" data-id=\"4e2bf85\" data-element_type=\"widget\" data-e-type=\"widget\" data-widget_type=\"text-editor.default\">\n\t\t\t\t<div class=\"elementor-widget-container\">\n\t\t\t\t\t\t\t\t\t<h3>Instrukcja kupna obrazu w 3 krokach<span>.<\/span><\/h3><h5>1. Obejrzyj obrazy, wi\u0119kszo\u015b\u0107 prac malowana jest na p\u0142\u00f3tnie (blejtramy), boki zamalowane, gotowe do zawieszenia na \u015bcianie.\u00a0 W ofercie wyst\u0119puj\u0105 tak\u017ce prace malowane na papierze, co jest wyra\u017anie zaznaczone w opisie.<\/h5><h5>2. Obrazy dost\u0119pne od r\u0119ki w sprzeda\u017cy posiadaj\u0105 ceny, prace bez oferty cenowej mog\u0105 by\u0107 zrealizowane na zam\u00f3wienie, czas oczekiwania na realizacj\u0119 ok. 1 miesi\u0105ca. W takim przypadku aktualne zdj\u0119cie obrazu nale\u017cy traktowa\u0107 jako pogl\u0105dowe, orygina\u0142 mo\u017ce si\u0119 nieco r\u00f3\u017cni\u0107, b\u0119dzie to pr\u00f3ba namalowania tego samego, ale nie kopia.<\/h5><h5>3. Jak ju\u017c b\u0119dziesz wiedzie\u0107, kt\u00f3re obrazy Ci\u0119 interesuj\u0105, zadzwo\u0144 lub napisz do mnie (zak\u0142adka kontakt). Om\u00f3wimy szczeg\u00f3\u0142y zakupu.<\/h5>\t\t\t\t\t\t\t\t<\/div>\n\t\t\t\t<\/div>\n\t\t\t\t\t<\/div>\n\t\t<\/div>\n\t\t\t\t\t<\/div>\n\t\t<\/section>\n\t\t\t\t<section class=\"elementor-section elementor-top-section elementor-element elementor-element-c6e5144 elementor-section-boxed elementor-section-height-default elementor-section-height-default\" data-id=\"c6e5144\" data-element_type=\"section\" data-e-type=\"section\">\n\t\t\t\t\t\t<div class=\"elementor-container elementor-column-gap-default\">\n\t\t\t\t\t<div class=\"elementor-column elementor-col-100 elementor-top-column elementor-element elementor-element-637c4b3\" data-id=\"637c4b3\" data-element_type=\"column\" data-e-type=\"column\">\n\t\t\t<div class=\"elementor-widget-wrap elementor-element-populated\">\n\t\t\t\t\t\t<div class=\"elementor-element elementor-element-023effa elementor-widget elementor-widget-shortcode\" data-id=\"023effa\" data-element_type=\"widget\" data-e-type=\"widget\" data-widget_type=\"shortcode.default\">\n\t\t\t\t<div class=\"elementor-widget-container\">\n\t\t\t\t\t\t\t<div class=\"elementor-shortcode\">[artplacer_widget id=\"3\"]<\/div>\n\t\t\t\t\t\t<\/div>\n\t\t\t\t<\/div>\n\t\t\t\t\t<\/div>\n\t\t<\/div>\n\t\t\t\t\t<\/div>\n\t\t<\/section>\n\t\t\t\t<\/div>\n\t\t","protected":false},"excerpt":{"rendered":"<p>Instrukcja kupna obrazu w 3 krokach. 1. Obejrzyj obrazy, wi\u0119kszo\u015b\u0107 prac malowana jest na p\u0142\u00f3tnie (blejtramy), boki zamalowane, gotowe do zawieszenia na \u015bcianie.\u00a0 W ofercie wyst\u0119puj\u0105 tak\u017ce prace malowane na papierze, co jest wyra\u017anie zaznaczone w opisie. 2. Obrazy dost\u0119pne od r\u0119ki w sprzeda\u017cy posiadaj\u0105 ceny, prace bez oferty cenowej [&hellip;]<\/p>\n","protected":false},"author":1,"featured_media":0,"parent":0,"menu_order":0,"comment_status":"closed","ping_status":"closed","template":"","meta":{"footnotes":""},"class_list":["post-3565","page","type-page","status-publish","hentry"],"_links":{"self":[{"href":"https:\/\/jabrzezinscy.pl\/index.php?rest_route=\/wp\/v2\/pages\/3565","targetHints":{"allow":["GET"]}}],"collection":[{"href":"https:\/\/jabrzezinscy.pl\/index.php?rest_route=\/wp\/v2\/pages"}],"about":[{"href":"https:\/\/jabrzezinscy.pl\/index.php?rest_route=\/wp\/v2\/types\/page"}],"author":[{"embeddable":true,"href":"https:\/\/jabrzezinscy.pl\/index.php?rest_route=\/wp\/v2\/users\/1"}],"replies":[{"embeddable":true,"href":"https:\/\/jabrzezinscy.pl\/index.php?rest_route=%2Fwp%2Fv2%2Fcomments&post=3565"}],"version-history":[{"count":28,"href":"https:\/\/jabrzezinscy.pl\/index.php?rest_route=\/wp\/v2\/pages\/3565\/revisions"}],"predecessor-version":[{"id":5832,"href":"https:\/\/jabrzezinscy.pl\/index.php?rest_route=\/wp\/v2\/pages\/3565\/revisions\/5832"}],"wp:attachment":[{"href":"https:\/\/jabrzezinscy.pl\/index.php?rest_route=%2Fwp%2Fv2%2Fmedia&parent=3565"}],"curies":[{"name":"wp","href":"https:\/\/api.w.org\/{rel}","templated":true}]}}