{"id":268,"date":"2022-04-09T23:27:36","date_gmt":"2022-04-09T21:27:36","guid":{"rendered":"https:\/\/server728755.nazwa.pl\/wordpress\/wpn_agnieszka\/?product=afirmacja-zycia-z-cyklu-siostry"},"modified":"2025-08-28T23:20:48","modified_gmt":"2025-08-28T21:20:48","slug":"afirmacja-zycia-z-cyklu-siostry","status":"publish","type":"product","link":"https:\/\/jabrzezinscy.pl\/?product=afirmacja-zycia-z-cyklu-siostry","title":{"rendered":"Afirmacja \u017cycia z cyklu 'Siostry&#8217; &#8211; p\u0142\u00f3tno"},"content":{"rendered":"<blockquote><p>Afirmacja \u017cycia z cyklu 'Siostry&#8217;<br \/>\nolej na p\u0142\u00f3tnie | 2021 | 50\u00d770<\/p><\/blockquote>\n<p><img fetchpriority=\"high\" decoding=\"async\" class=\"alignnone size-medium wp-image-578\" src=\"https:\/\/server728755.nazwa.pl\/wordpress\/wpn_agnieszka\/wp-content\/uploads\/2022\/04\/DSC_4186maly-300x239.jpg\" alt=\"\" width=\"300\" height=\"239\" \/><\/p>\n<p>&nbsp;<\/p>\n","protected":false},"excerpt":{"rendered":"<p>Afirmacja \u017cycia z cyklu 'Siostry&#8217;<br \/>\nolej na p\u0142\u00f3tnie | 2021 | 50\u00d770<\/p>\n","protected":false},"featured_media":578,"comment_status":"closed","ping_status":"closed","template":"","meta":[],"product_brand":[],"product_cat":[15,16],"product_tag":[],"class_list":{"0":"post-268","1":"product","2":"type-product","3":"status-publish","4":"has-post-thumbnail","6":"product_cat-papier","7":"product_cat-olej","9":"first","10":"onbackorder","11":"shipping-taxable","12":"purchasable","13":"product-type-simple"},"_links":{"self":[{"href":"https:\/\/jabrzezinscy.pl\/index.php?rest_route=\/wp\/v2\/product\/268","targetHints":{"allow":["GET"]}}],"collection":[{"href":"https:\/\/jabrzezinscy.pl\/index.php?rest_route=\/wp\/v2\/product"}],"about":[{"href":"https:\/\/jabrzezinscy.pl\/index.php?rest_route=\/wp\/v2\/types\/product"}],"replies":[{"embeddable":true,"href":"https:\/\/jabrzezinscy.pl\/index.php?rest_route=%2Fwp%2Fv2%2Fcomments&post=268"}],"version-history":[{"count":2,"href":"https:\/\/jabrzezinscy.pl\/index.php?rest_route=\/wp\/v2\/product\/268\/revisions"}],"predecessor-version":[{"id":4931,"href":"https:\/\/jabrzezinscy.pl\/index.php?rest_route=\/wp\/v2\/product\/268\/revisions\/4931"}],"wp:featuredmedia":[{"embeddable":true,"href":"https:\/\/jabrzezinscy.pl\/index.php?rest_route=\/wp\/v2\/media\/578"}],"wp:attachment":[{"href":"https:\/\/jabrzezinscy.pl\/index.php?rest_route=%2Fwp%2Fv2%2Fmedia&parent=268"}],"wp:term":[{"taxonomy":"product_brand","embeddable":true,"href":"https:\/\/jabrzezinscy.pl\/index.php?rest_route=%2Fwp%2Fv2%2Fproduct_brand&post=268"},{"taxonomy":"product_cat","embeddable":true,"href":"https:\/\/jabrzezinscy.pl\/index.php?rest_route=%2Fwp%2Fv2%2Fproduct_cat&post=268"},{"taxonomy":"product_tag","embeddable":true,"href":"https:\/\/jabrzezinscy.pl\/index.php?rest_route=%2Fwp%2Fv2%2Fproduct_tag&post=268"}],"curies":[{"name":"wp","href":"https:\/\/api.w.org\/{rel}","templated":true}]}}