{"id":286,"date":"2022-04-09T23:33:52","date_gmt":"2022-04-09T21:33:52","guid":{"rendered":"https:\/\/server728755.nazwa.pl\/wordpress\/wpn_agnieszka\/?product=cicha-rozmowa"},"modified":"2025-08-28T23:19:30","modified_gmt":"2025-08-28T21:19:30","slug":"cicha-rozmowa","status":"publish","type":"product","link":"https:\/\/jabrzezinscy.pl\/?product=cicha-rozmowa","title":{"rendered":"Cicha rozmowa"},"content":{"rendered":"<p><img fetchpriority=\"high\" decoding=\"async\" class=\"alignnone size-medium wp-image-581\" src=\"https:\/\/jabrzezinscy.pl\/wp-content\/uploads\/2022\/04\/DSC_4317-300x241.jpg\" alt=\"\" width=\"300\" height=\"241\" srcset=\"https:\/\/jabrzezinscy.pl\/wp-content\/uploads\/2022\/04\/DSC_4317-300x241.jpg 300w, https:\/\/jabrzezinscy.pl\/wp-content\/uploads\/2022\/04\/DSC_4317-600x482.jpg 600w, https:\/\/jabrzezinscy.pl\/wp-content\/uploads\/2022\/04\/DSC_4317-1024x822.jpg 1024w, https:\/\/jabrzezinscy.pl\/wp-content\/uploads\/2022\/04\/DSC_4317-768x617.jpg 768w, https:\/\/jabrzezinscy.pl\/wp-content\/uploads\/2022\/04\/DSC_4317-1536x1233.jpg 1536w, https:\/\/jabrzezinscy.pl\/wp-content\/uploads\/2022\/04\/DSC_4317-2048x1644.jpg 2048w, https:\/\/jabrzezinscy.pl\/wp-content\/uploads\/2022\/04\/DSC_4317-1568x1259.jpg 1568w\" sizes=\"(max-width: 300px) 100vw, 300px\" \/><\/p>\n<p><span>Obraz jest cz\u0119\u015bci\u0105 otwartego cyklu malarskiego pt &#8222;Siostry&#8221;. To nowe spojrzenie na postacie z abstrakcyjn\u0105 nut\u0105 wyobra\u017ani. Odbiorc\u0119 wprowadza w nastr\u00f3j zadumy. Obraz mo\u017ce by\u0107 mi\u0142ym prezentem dla os\u00f3b, ceni\u0105cych minimalizm oraz nowoczesn\u0105 geometri\u0119. Mo\u017ce rozja\u015bni\u0107 wn\u0119trze salonu, sypialni jak r\u00f3wnie\u017c gabinetu. Praca umieszczona w passe partout w ramce. Wielko\u015b\u0107 ramy &#8211; 50x70cm.<\/span><\/p>\n","protected":false},"excerpt":{"rendered":"<p><span>40 \u00d7 50 cm ( wys. \u00d7 szer. )<\/span><\/p>\n","protected":false},"featured_media":581,"comment_status":"closed","ping_status":"closed","template":"","meta":[],"product_brand":[],"product_cat":[15],"product_tag":[],"class_list":{"0":"post-286","1":"product","2":"type-product","3":"status-publish","4":"has-post-thumbnail","6":"product_cat-papier","8":"first","9":"instock","10":"shipping-taxable","11":"purchasable","12":"product-type-simple"},"_links":{"self":[{"href":"https:\/\/jabrzezinscy.pl\/index.php?rest_route=\/wp\/v2\/product\/286","targetHints":{"allow":["GET"]}}],"collection":[{"href":"https:\/\/jabrzezinscy.pl\/index.php?rest_route=\/wp\/v2\/product"}],"about":[{"href":"https:\/\/jabrzezinscy.pl\/index.php?rest_route=\/wp\/v2\/types\/product"}],"replies":[{"embeddable":true,"href":"https:\/\/jabrzezinscy.pl\/index.php?rest_route=%2Fwp%2Fv2%2Fcomments&post=286"}],"version-history":[{"count":2,"href":"https:\/\/jabrzezinscy.pl\/index.php?rest_route=\/wp\/v2\/product\/286\/revisions"}],"predecessor-version":[{"id":4827,"href":"https:\/\/jabrzezinscy.pl\/index.php?rest_route=\/wp\/v2\/product\/286\/revisions\/4827"}],"wp:featuredmedia":[{"embeddable":true,"href":"https:\/\/jabrzezinscy.pl\/index.php?rest_route=\/wp\/v2\/media\/581"}],"wp:attachment":[{"href":"https:\/\/jabrzezinscy.pl\/index.php?rest_route=%2Fwp%2Fv2%2Fmedia&parent=286"}],"wp:term":[{"taxonomy":"product_brand","embeddable":true,"href":"https:\/\/jabrzezinscy.pl\/index.php?rest_route=%2Fwp%2Fv2%2Fproduct_brand&post=286"},{"taxonomy":"product_cat","embeddable":true,"href":"https:\/\/jabrzezinscy.pl\/index.php?rest_route=%2Fwp%2Fv2%2Fproduct_cat&post=286"},{"taxonomy":"product_tag","embeddable":true,"href":"https:\/\/jabrzezinscy.pl\/index.php?rest_route=%2Fwp%2Fv2%2Fproduct_tag&post=286"}],"curies":[{"name":"wp","href":"https:\/\/api.w.org\/{rel}","templated":true}]}}