{"id":291,"date":"2022-04-09T23:33:53","date_gmt":"2022-04-09T21:33:53","guid":{"rendered":"https:\/\/server728755.nazwa.pl\/wordpress\/wpn_agnieszka\/?product=dojrzewajace"},"modified":"2025-08-28T23:18:49","modified_gmt":"2025-08-28T21:18:49","slug":"dojrzewajace","status":"publish","type":"product","link":"https:\/\/jabrzezinscy.pl\/?product=dojrzewajace","title":{"rendered":"Dojrzewaj\u0105ce"},"content":{"rendered":"<p><img fetchpriority=\"high\" decoding=\"async\" class=\"alignnone size-medium wp-image-624\" src=\"https:\/\/server728755.nazwa.pl\/wordpress\/wpn_agnieszka\/wp-content\/uploads\/2022\/04\/dojrzewajace-300x225.jpg\" alt=\"\" width=\"300\" height=\"225\" \/><\/p>\n<blockquote><p><span>Praca na zam\u00f3wienie \u2013 skontaktuj si\u0119 z Artystk\u0105.<\/span><\/p><\/blockquote>\n<p>Dojrzewaj\u0105ce | olej na p\u0142\u00f3tnie | 2021 | 60\u00d780 cm<\/p>\n","protected":false},"excerpt":{"rendered":"<p>60 \u00d7 80 cm (wys. x szer.)<\/p>\n","protected":false},"featured_media":624,"comment_status":"closed","ping_status":"closed","template":"","meta":[],"product_brand":[],"product_cat":[16],"product_tag":[],"class_list":{"0":"post-291","1":"product","2":"type-product","3":"status-publish","4":"has-post-thumbnail","6":"product_cat-olej","8":"first","9":"onbackorder","10":"shipping-taxable","11":"purchasable","12":"product-type-simple"},"_links":{"self":[{"href":"https:\/\/jabrzezinscy.pl\/index.php?rest_route=\/wp\/v2\/product\/291","targetHints":{"allow":["GET"]}}],"collection":[{"href":"https:\/\/jabrzezinscy.pl\/index.php?rest_route=\/wp\/v2\/product"}],"about":[{"href":"https:\/\/jabrzezinscy.pl\/index.php?rest_route=\/wp\/v2\/types\/product"}],"replies":[{"embeddable":true,"href":"https:\/\/jabrzezinscy.pl\/index.php?rest_route=%2Fwp%2Fv2%2Fcomments&post=291"}],"version-history":[{"count":3,"href":"https:\/\/jabrzezinscy.pl\/index.php?rest_route=\/wp\/v2\/product\/291\/revisions"}],"predecessor-version":[{"id":5252,"href":"https:\/\/jabrzezinscy.pl\/index.php?rest_route=\/wp\/v2\/product\/291\/revisions\/5252"}],"wp:featuredmedia":[{"embeddable":true,"href":"https:\/\/jabrzezinscy.pl\/index.php?rest_route=\/wp\/v2\/media\/624"}],"wp:attachment":[{"href":"https:\/\/jabrzezinscy.pl\/index.php?rest_route=%2Fwp%2Fv2%2Fmedia&parent=291"}],"wp:term":[{"taxonomy":"product_brand","embeddable":true,"href":"https:\/\/jabrzezinscy.pl\/index.php?rest_route=%2Fwp%2Fv2%2Fproduct_brand&post=291"},{"taxonomy":"product_cat","embeddable":true,"href":"https:\/\/jabrzezinscy.pl\/index.php?rest_route=%2Fwp%2Fv2%2Fproduct_cat&post=291"},{"taxonomy":"product_tag","embeddable":true,"href":"https:\/\/jabrzezinscy.pl\/index.php?rest_route=%2Fwp%2Fv2%2Fproduct_tag&post=291"}],"curies":[{"name":"wp","href":"https:\/\/api.w.org\/{rel}","templated":true}]}}