{"id":302,"date":"2022-04-09T23:33:53","date_gmt":"2022-04-09T21:33:53","guid":{"rendered":"https:\/\/server728755.nazwa.pl\/wordpress\/wpn_agnieszka\/?product=jednomyslni"},"modified":"2025-08-28T23:21:55","modified_gmt":"2025-08-28T21:21:55","slug":"jednomyslni","status":"publish","type":"product","link":"https:\/\/jabrzezinscy.pl\/?product=jednomyslni","title":{"rendered":"Jednomy\u015blne"},"content":{"rendered":"<p><img fetchpriority=\"high\" decoding=\"async\" class=\"alignnone size-medium wp-image-579\" src=\"https:\/\/server728755.nazwa.pl\/wordpress\/wpn_agnieszka\/wp-content\/uploads\/2022\/04\/DSC_4304-238x300.jpg\" alt=\"\" width=\"238\" height=\"300\" \/><\/p>\n<p><span>&#8222;Jednomy\u015blne&#8221; jest cz\u0119\u015bci\u0105 otwartego cyklu malarskiego &#8222;Siostry&#8221;. Kolory, kt\u00f3re dominuj\u0105 w obrazie to odcienie zieleni i \u017c\u00f3\u0142\u0107. Praca mo\u017ce sta\u0107 si\u0119 mi\u0142ym prezentem dla mi\u0142o\u015bnik\u00f3w ceni\u0105cych minimalizm oraz nowoczesn\u0105 geometri\u0119.<\/span><\/p>\n","protected":false},"excerpt":{"rendered":"<p><span>70 \u00d7 50 \u00d7 3 cm ( wys. \u00d7 szer. \u00d7 g\u0142. )<\/span><\/p>\n","protected":false},"featured_media":579,"comment_status":"closed","ping_status":"closed","template":"","meta":[],"product_brand":[],"product_cat":[16],"product_tag":[],"class_list":{"0":"post-302","1":"product","2":"type-product","3":"status-publish","4":"has-post-thumbnail","6":"product_cat-olej","8":"first","9":"instock","10":"shipping-taxable","11":"purchasable","12":"product-type-simple"},"_links":{"self":[{"href":"https:\/\/jabrzezinscy.pl\/index.php?rest_route=\/wp\/v2\/product\/302","targetHints":{"allow":["GET"]}}],"collection":[{"href":"https:\/\/jabrzezinscy.pl\/index.php?rest_route=\/wp\/v2\/product"}],"about":[{"href":"https:\/\/jabrzezinscy.pl\/index.php?rest_route=\/wp\/v2\/types\/product"}],"replies":[{"embeddable":true,"href":"https:\/\/jabrzezinscy.pl\/index.php?rest_route=%2Fwp%2Fv2%2Fcomments&post=302"}],"version-history":[{"count":2,"href":"https:\/\/jabrzezinscy.pl\/index.php?rest_route=\/wp\/v2\/product\/302\/revisions"}],"predecessor-version":[{"id":4824,"href":"https:\/\/jabrzezinscy.pl\/index.php?rest_route=\/wp\/v2\/product\/302\/revisions\/4824"}],"wp:featuredmedia":[{"embeddable":true,"href":"https:\/\/jabrzezinscy.pl\/index.php?rest_route=\/wp\/v2\/media\/579"}],"wp:attachment":[{"href":"https:\/\/jabrzezinscy.pl\/index.php?rest_route=%2Fwp%2Fv2%2Fmedia&parent=302"}],"wp:term":[{"taxonomy":"product_brand","embeddable":true,"href":"https:\/\/jabrzezinscy.pl\/index.php?rest_route=%2Fwp%2Fv2%2Fproduct_brand&post=302"},{"taxonomy":"product_cat","embeddable":true,"href":"https:\/\/jabrzezinscy.pl\/index.php?rest_route=%2Fwp%2Fv2%2Fproduct_cat&post=302"},{"taxonomy":"product_tag","embeddable":true,"href":"https:\/\/jabrzezinscy.pl\/index.php?rest_route=%2Fwp%2Fv2%2Fproduct_tag&post=302"}],"curies":[{"name":"wp","href":"https:\/\/api.w.org\/{rel}","templated":true}]}}