{"id":318,"date":"2022-04-09T23:33:54","date_gmt":"2022-04-09T21:33:54","guid":{"rendered":"https:\/\/server728755.nazwa.pl\/wordpress\/wpn_agnieszka\/?product=matki"},"modified":"2025-08-28T23:23:08","modified_gmt":"2025-08-28T21:23:08","slug":"matki","status":"publish","type":"product","link":"https:\/\/jabrzezinscy.pl\/?product=matki","title":{"rendered":"Matki"},"content":{"rendered":"<p><img fetchpriority=\"high\" decoding=\"async\" class=\"alignnone size-medium wp-image-591\" src=\"https:\/\/server728755.nazwa.pl\/wordpress\/wpn_agnieszka\/wp-content\/uploads\/2022\/04\/Matki-1536x1223-1-300x239.jpg\" alt=\"\" width=\"300\" height=\"239\" \/><\/p>\n<p><span>Matki &#8211; obraz olejny na papierze o wymiarach 40x50cm umieszczony w ramce o wymiarach 50x70cm z passe-partout, bez szyby gotowy do zawieszenia na \u015bcianie. Obraz jest sygnowany z ty\u0142u monogramem artysty\/Agnieszka Brzezi\u0144ska 2021. Praca jest cz\u0119\u015bci\u0105 otwartego cyklu malarskiego, rozpocz\u0119tego w 2020 roku pt: Siostry. Cykl przedstawia postacie w charakterystycznej uproszczonej formie. Obraz mo\u017ce sta\u0107 si\u0119 mi\u0142ym prezentem dla mi\u0142o\u015bnik\u00f3w sztuki nowoczesnej, os\u00f3b ceni\u0105cych minimalizm oraz nowoczesn\u0105 geometri\u0119.<\/span><\/p>\n","protected":false},"excerpt":{"rendered":"<p><span>40 \u00d7 50 cm ( wys. \u00d7 szer. )<\/span><\/p>\n","protected":false},"featured_media":591,"comment_status":"closed","ping_status":"closed","template":"","meta":[],"product_brand":[],"product_cat":[15],"product_tag":[],"class_list":{"0":"post-318","1":"product","2":"type-product","3":"status-publish","4":"has-post-thumbnail","6":"product_cat-papier","8":"first","9":"instock","10":"shipping-taxable","11":"purchasable","12":"product-type-simple"},"_links":{"self":[{"href":"https:\/\/jabrzezinscy.pl\/index.php?rest_route=\/wp\/v2\/product\/318","targetHints":{"allow":["GET"]}}],"collection":[{"href":"https:\/\/jabrzezinscy.pl\/index.php?rest_route=\/wp\/v2\/product"}],"about":[{"href":"https:\/\/jabrzezinscy.pl\/index.php?rest_route=\/wp\/v2\/types\/product"}],"replies":[{"embeddable":true,"href":"https:\/\/jabrzezinscy.pl\/index.php?rest_route=%2Fwp%2Fv2%2Fcomments&post=318"}],"version-history":[{"count":2,"href":"https:\/\/jabrzezinscy.pl\/index.php?rest_route=\/wp\/v2\/product\/318\/revisions"}],"predecessor-version":[{"id":3739,"href":"https:\/\/jabrzezinscy.pl\/index.php?rest_route=\/wp\/v2\/product\/318\/revisions\/3739"}],"wp:featuredmedia":[{"embeddable":true,"href":"https:\/\/jabrzezinscy.pl\/index.php?rest_route=\/wp\/v2\/media\/591"}],"wp:attachment":[{"href":"https:\/\/jabrzezinscy.pl\/index.php?rest_route=%2Fwp%2Fv2%2Fmedia&parent=318"}],"wp:term":[{"taxonomy":"product_brand","embeddable":true,"href":"https:\/\/jabrzezinscy.pl\/index.php?rest_route=%2Fwp%2Fv2%2Fproduct_brand&post=318"},{"taxonomy":"product_cat","embeddable":true,"href":"https:\/\/jabrzezinscy.pl\/index.php?rest_route=%2Fwp%2Fv2%2Fproduct_cat&post=318"},{"taxonomy":"product_tag","embeddable":true,"href":"https:\/\/jabrzezinscy.pl\/index.php?rest_route=%2Fwp%2Fv2%2Fproduct_tag&post=318"}],"curies":[{"name":"wp","href":"https:\/\/api.w.org\/{rel}","templated":true}]}}