{"id":323,"date":"2022-04-09T23:33:55","date_gmt":"2022-04-09T21:33:55","guid":{"rendered":"https:\/\/server728755.nazwa.pl\/wordpress\/wpn_agnieszka\/?product=moj-aniol-stroz-2"},"modified":"2024-02-07T23:05:08","modified_gmt":"2024-02-07T22:05:08","slug":"moj-aniol-stroz-2","status":"publish","type":"product","link":"https:\/\/jabrzezinscy.pl\/?product=moj-aniol-stroz-2","title":{"rendered":"M\u00f3j Anio\u0142 Str\u00f3\u017c"},"content":{"rendered":"<p><img fetchpriority=\"high\" decoding=\"async\" class=\"alignnone size-medium wp-image-583\" src=\"https:\/\/server728755.nazwa.pl\/wordpress\/wpn_agnieszka\/wp-content\/uploads\/2022\/04\/DSC_4323-300x200.jpg\" alt=\"\" width=\"300\" height=\"200\" srcset=\"https:\/\/jabrzezinscy.pl\/wp-content\/uploads\/2022\/04\/DSC_4323-300x200.jpg 300w, https:\/\/jabrzezinscy.pl\/wp-content\/uploads\/2022\/04\/DSC_4323-600x400.jpg 600w, https:\/\/jabrzezinscy.pl\/wp-content\/uploads\/2022\/04\/DSC_4323-1024x682.jpg 1024w, https:\/\/jabrzezinscy.pl\/wp-content\/uploads\/2022\/04\/DSC_4323-768x512.jpg 768w, https:\/\/jabrzezinscy.pl\/wp-content\/uploads\/2022\/04\/DSC_4323-1536x1024.jpg 1536w, https:\/\/jabrzezinscy.pl\/wp-content\/uploads\/2022\/04\/DSC_4323-1568x1045.jpg 1568w, https:\/\/jabrzezinscy.pl\/wp-content\/uploads\/2022\/04\/DSC_4323.jpg 2000w\" sizes=\"(max-width: 300px) 100vw, 300px\" \/><\/p>\n<p>Dyptyk 2x 50&#215;40 cm<\/p>\n","protected":false},"excerpt":{"rendered":"<p>50&#215;80 cm (wys. x szer.)<\/p>\n","protected":false},"featured_media":583,"comment_status":"closed","ping_status":"closed","template":"","meta":[],"product_brand":[],"product_cat":[15],"product_tag":[],"class_list":{"0":"post-323","1":"product","2":"type-product","3":"status-publish","4":"has-post-thumbnail","6":"product_cat-papier","8":"first","9":"outofstock","10":"shipping-taxable","11":"product-type-simple"},"_links":{"self":[{"href":"https:\/\/jabrzezinscy.pl\/index.php?rest_route=\/wp\/v2\/product\/323","targetHints":{"allow":["GET"]}}],"collection":[{"href":"https:\/\/jabrzezinscy.pl\/index.php?rest_route=\/wp\/v2\/product"}],"about":[{"href":"https:\/\/jabrzezinscy.pl\/index.php?rest_route=\/wp\/v2\/types\/product"}],"replies":[{"embeddable":true,"href":"https:\/\/jabrzezinscy.pl\/index.php?rest_route=%2Fwp%2Fv2%2Fcomments&post=323"}],"version-history":[{"count":2,"href":"https:\/\/jabrzezinscy.pl\/index.php?rest_route=\/wp\/v2\/product\/323\/revisions"}],"predecessor-version":[{"id":3765,"href":"https:\/\/jabrzezinscy.pl\/index.php?rest_route=\/wp\/v2\/product\/323\/revisions\/3765"}],"wp:featuredmedia":[{"embeddable":true,"href":"https:\/\/jabrzezinscy.pl\/index.php?rest_route=\/wp\/v2\/media\/583"}],"wp:attachment":[{"href":"https:\/\/jabrzezinscy.pl\/index.php?rest_route=%2Fwp%2Fv2%2Fmedia&parent=323"}],"wp:term":[{"taxonomy":"product_brand","embeddable":true,"href":"https:\/\/jabrzezinscy.pl\/index.php?rest_route=%2Fwp%2Fv2%2Fproduct_brand&post=323"},{"taxonomy":"product_cat","embeddable":true,"href":"https:\/\/jabrzezinscy.pl\/index.php?rest_route=%2Fwp%2Fv2%2Fproduct_cat&post=323"},{"taxonomy":"product_tag","embeddable":true,"href":"https:\/\/jabrzezinscy.pl\/index.php?rest_route=%2Fwp%2Fv2%2Fproduct_tag&post=323"}],"curies":[{"name":"wp","href":"https:\/\/api.w.org\/{rel}","templated":true}]}}