{"id":327,"date":"2022-04-09T23:33:55","date_gmt":"2022-04-09T21:33:55","guid":{"rendered":"https:\/\/server728755.nazwa.pl\/wordpress\/wpn_agnieszka\/?product=nietykalne-z-cyklu-siostry-2"},"modified":"2025-03-15T15:25:13","modified_gmt":"2025-03-15T14:25:13","slug":"nietykalne-z-cyklu-siostry-2","status":"publish","type":"product","link":"https:\/\/jabrzezinscy.pl\/?product=nietykalne-z-cyklu-siostry-2","title":{"rendered":"Nietykalne z cyklu 'Siostry&#8217;"},"content":{"rendered":"<p><img fetchpriority=\"high\" decoding=\"async\" class=\"alignnone size-medium wp-image-607\" src=\"https:\/\/server728755.nazwa.pl\/wordpress\/wpn_agnieszka\/wp-content\/uploads\/2022\/04\/nietykalne_plotno-300x221.jpg\" alt=\"\" width=\"300\" height=\"221\" srcset=\"https:\/\/jabrzezinscy.pl\/wp-content\/uploads\/2022\/04\/nietykalne_plotno-300x221.jpg 300w, https:\/\/jabrzezinscy.pl\/wp-content\/uploads\/2022\/04\/nietykalne_plotno-scaled-600x442.jpg 600w, https:\/\/jabrzezinscy.pl\/wp-content\/uploads\/2022\/04\/nietykalne_plotno-1024x755.jpg 1024w, https:\/\/jabrzezinscy.pl\/wp-content\/uploads\/2022\/04\/nietykalne_plotno-768x566.jpg 768w, https:\/\/jabrzezinscy.pl\/wp-content\/uploads\/2022\/04\/nietykalne_plotno-1536x1132.jpg 1536w, https:\/\/jabrzezinscy.pl\/wp-content\/uploads\/2022\/04\/nietykalne_plotno-2048x1509.jpg 2048w, https:\/\/jabrzezinscy.pl\/wp-content\/uploads\/2022\/04\/nietykalne_plotno-1568x1156.jpg 1568w\" sizes=\"(max-width: 300px) 100vw, 300px\" \/><\/p>\n","protected":false},"excerpt":{"rendered":"<p>Nietykalne z cyklu 'Siostry&#8217;<br \/>\nolej na p\u0142\u00f3tnie | 2021 | 60\u00d780<\/p>\n","protected":false},"featured_media":607,"comment_status":"closed","ping_status":"closed","template":"","meta":[],"product_brand":[],"product_cat":[16],"product_tag":[],"class_list":{"0":"post-327","1":"product","2":"type-product","3":"status-publish","4":"has-post-thumbnail","6":"product_cat-olej","8":"first","9":"onbackorder","10":"shipping-taxable","11":"purchasable","12":"product-type-simple"},"_links":{"self":[{"href":"https:\/\/jabrzezinscy.pl\/index.php?rest_route=\/wp\/v2\/product\/327","targetHints":{"allow":["GET"]}}],"collection":[{"href":"https:\/\/jabrzezinscy.pl\/index.php?rest_route=\/wp\/v2\/product"}],"about":[{"href":"https:\/\/jabrzezinscy.pl\/index.php?rest_route=\/wp\/v2\/types\/product"}],"replies":[{"embeddable":true,"href":"https:\/\/jabrzezinscy.pl\/index.php?rest_route=%2Fwp%2Fv2%2Fcomments&post=327"}],"version-history":[{"count":1,"href":"https:\/\/jabrzezinscy.pl\/index.php?rest_route=\/wp\/v2\/product\/327\/revisions"}],"predecessor-version":[{"id":4933,"href":"https:\/\/jabrzezinscy.pl\/index.php?rest_route=\/wp\/v2\/product\/327\/revisions\/4933"}],"wp:featuredmedia":[{"embeddable":true,"href":"https:\/\/jabrzezinscy.pl\/index.php?rest_route=\/wp\/v2\/media\/607"}],"wp:attachment":[{"href":"https:\/\/jabrzezinscy.pl\/index.php?rest_route=%2Fwp%2Fv2%2Fmedia&parent=327"}],"wp:term":[{"taxonomy":"product_brand","embeddable":true,"href":"https:\/\/jabrzezinscy.pl\/index.php?rest_route=%2Fwp%2Fv2%2Fproduct_brand&post=327"},{"taxonomy":"product_cat","embeddable":true,"href":"https:\/\/jabrzezinscy.pl\/index.php?rest_route=%2Fwp%2Fv2%2Fproduct_cat&post=327"},{"taxonomy":"product_tag","embeddable":true,"href":"https:\/\/jabrzezinscy.pl\/index.php?rest_route=%2Fwp%2Fv2%2Fproduct_tag&post=327"}],"curies":[{"name":"wp","href":"https:\/\/api.w.org\/{rel}","templated":true}]}}