{"id":329,"date":"2022-04-09T23:33:55","date_gmt":"2022-04-09T21:33:55","guid":{"rendered":"https:\/\/server728755.nazwa.pl\/wordpress\/wpn_agnieszka\/?product=nietykalni-2"},"modified":"2025-08-28T23:15:53","modified_gmt":"2025-08-28T21:15:53","slug":"nietykalni-2","status":"publish","type":"product","link":"https:\/\/jabrzezinscy.pl\/?product=nietykalni-2","title":{"rendered":"Nietykalne"},"content":{"rendered":"<p><img fetchpriority=\"high\" decoding=\"async\" class=\"alignnone size-medium wp-image-582\" src=\"https:\/\/server728755.nazwa.pl\/wordpress\/wpn_agnieszka\/wp-content\/uploads\/2022\/04\/DSC_4318-300x242.jpg\" alt=\"\" width=\"300\" height=\"242\" srcset=\"https:\/\/jabrzezinscy.pl\/wp-content\/uploads\/2022\/04\/DSC_4318-300x242.jpg 300w, https:\/\/jabrzezinscy.pl\/wp-content\/uploads\/2022\/04\/DSC_4318-600x484.jpg 600w, https:\/\/jabrzezinscy.pl\/wp-content\/uploads\/2022\/04\/DSC_4318-1024x827.jpg 1024w, https:\/\/jabrzezinscy.pl\/wp-content\/uploads\/2022\/04\/DSC_4318-768x620.jpg 768w, https:\/\/jabrzezinscy.pl\/wp-content\/uploads\/2022\/04\/DSC_4318-1536x1240.jpg 1536w, https:\/\/jabrzezinscy.pl\/wp-content\/uploads\/2022\/04\/DSC_4318-2048x1653.jpg 2048w, https:\/\/jabrzezinscy.pl\/wp-content\/uploads\/2022\/04\/DSC_4318-1568x1266.jpg 1568w\" sizes=\"(max-width: 300px) 100vw, 300px\" \/><\/p>\n<p><span>&#8221;Nietykalne&#8221; jest cz\u0119\u015bci\u0105 otwartego cyklu malarskiego &#8221;Siostry&#8221;. Kolory dominuj\u0105ce to ziele\u0144 i czerwie\u0144. Obraz mo\u017ce sta\u0107 si\u0119 mi\u0142ym prezentem dla mi\u0142o\u015bnik\u00f3w minimalizmu i uproszcze\u0144. Praca umieszczona w ramie z passe-partout.<\/span><\/p>\n","protected":false},"excerpt":{"rendered":"<p><span>45 \u00d7 50 cm ( wys. \u00d7 szer. )<\/span><\/p>\n","protected":false},"featured_media":582,"comment_status":"closed","ping_status":"closed","template":"","meta":[],"product_brand":[],"product_cat":[15],"product_tag":[],"class_list":{"0":"post-329","1":"product","2":"type-product","3":"status-publish","4":"has-post-thumbnail","6":"product_cat-papier","8":"first","9":"instock","10":"shipping-taxable","11":"purchasable","12":"product-type-simple"},"_links":{"self":[{"href":"https:\/\/jabrzezinscy.pl\/index.php?rest_route=\/wp\/v2\/product\/329","targetHints":{"allow":["GET"]}}],"collection":[{"href":"https:\/\/jabrzezinscy.pl\/index.php?rest_route=\/wp\/v2\/product"}],"about":[{"href":"https:\/\/jabrzezinscy.pl\/index.php?rest_route=\/wp\/v2\/types\/product"}],"replies":[{"embeddable":true,"href":"https:\/\/jabrzezinscy.pl\/index.php?rest_route=%2Fwp%2Fv2%2Fcomments&post=329"}],"version-history":[{"count":2,"href":"https:\/\/jabrzezinscy.pl\/index.php?rest_route=\/wp\/v2\/product\/329\/revisions"}],"predecessor-version":[{"id":3764,"href":"https:\/\/jabrzezinscy.pl\/index.php?rest_route=\/wp\/v2\/product\/329\/revisions\/3764"}],"wp:featuredmedia":[{"embeddable":true,"href":"https:\/\/jabrzezinscy.pl\/index.php?rest_route=\/wp\/v2\/media\/582"}],"wp:attachment":[{"href":"https:\/\/jabrzezinscy.pl\/index.php?rest_route=%2Fwp%2Fv2%2Fmedia&parent=329"}],"wp:term":[{"taxonomy":"product_brand","embeddable":true,"href":"https:\/\/jabrzezinscy.pl\/index.php?rest_route=%2Fwp%2Fv2%2Fproduct_brand&post=329"},{"taxonomy":"product_cat","embeddable":true,"href":"https:\/\/jabrzezinscy.pl\/index.php?rest_route=%2Fwp%2Fv2%2Fproduct_cat&post=329"},{"taxonomy":"product_tag","embeddable":true,"href":"https:\/\/jabrzezinscy.pl\/index.php?rest_route=%2Fwp%2Fv2%2Fproduct_tag&post=329"}],"curies":[{"name":"wp","href":"https:\/\/api.w.org\/{rel}","templated":true}]}}