{"id":333,"date":"2022-04-09T23:33:55","date_gmt":"2022-04-09T21:33:55","guid":{"rendered":"https:\/\/server728755.nazwa.pl\/wordpress\/wpn_agnieszka\/?product=opiekunki"},"modified":"2025-03-15T15:25:53","modified_gmt":"2025-03-15T14:25:53","slug":"opiekunki","status":"publish","type":"product","link":"https:\/\/jabrzezinscy.pl\/?product=opiekunki","title":{"rendered":"Opiekunki"},"content":{"rendered":"<p><img fetchpriority=\"high\" decoding=\"async\" class=\"alignnone size-medium wp-image-613\" src=\"https:\/\/server728755.nazwa.pl\/wordpress\/wpn_agnieszka\/wp-content\/uploads\/2022\/04\/opiekunki-1536x1143-1-300x223.jpg\" alt=\"\" width=\"300\" height=\"223\" \/><\/p>\n<blockquote><p><span>Praca na zam\u00f3wienie \u2013 skontaktuj si\u0119 z Artystk\u0105.<\/span><\/p><\/blockquote>\n<p>Opiekunki | olej na p\u0142\u00f3tnie | 2021 | 60\u00d780 cm<\/p>\n","protected":false},"excerpt":{"rendered":"<p>60 \u00d7 80 cm (wys. x szer.)<\/p>\n","protected":false},"featured_media":613,"comment_status":"closed","ping_status":"closed","template":"","meta":[],"product_brand":[],"product_cat":[16],"product_tag":[],"class_list":{"0":"post-333","1":"product","2":"type-product","3":"status-publish","4":"has-post-thumbnail","6":"product_cat-olej","8":"first","9":"onbackorder","10":"shipping-taxable","11":"purchasable","12":"product-type-simple"},"_links":{"self":[{"href":"https:\/\/jabrzezinscy.pl\/index.php?rest_route=\/wp\/v2\/product\/333","targetHints":{"allow":["GET"]}}],"collection":[{"href":"https:\/\/jabrzezinscy.pl\/index.php?rest_route=\/wp\/v2\/product"}],"about":[{"href":"https:\/\/jabrzezinscy.pl\/index.php?rest_route=\/wp\/v2\/types\/product"}],"replies":[{"embeddable":true,"href":"https:\/\/jabrzezinscy.pl\/index.php?rest_route=%2Fwp%2Fv2%2Fcomments&post=333"}],"version-history":[{"count":3,"href":"https:\/\/jabrzezinscy.pl\/index.php?rest_route=\/wp\/v2\/product\/333\/revisions"}],"predecessor-version":[{"id":5248,"href":"https:\/\/jabrzezinscy.pl\/index.php?rest_route=\/wp\/v2\/product\/333\/revisions\/5248"}],"wp:featuredmedia":[{"embeddable":true,"href":"https:\/\/jabrzezinscy.pl\/index.php?rest_route=\/wp\/v2\/media\/613"}],"wp:attachment":[{"href":"https:\/\/jabrzezinscy.pl\/index.php?rest_route=%2Fwp%2Fv2%2Fmedia&parent=333"}],"wp:term":[{"taxonomy":"product_brand","embeddable":true,"href":"https:\/\/jabrzezinscy.pl\/index.php?rest_route=%2Fwp%2Fv2%2Fproduct_brand&post=333"},{"taxonomy":"product_cat","embeddable":true,"href":"https:\/\/jabrzezinscy.pl\/index.php?rest_route=%2Fwp%2Fv2%2Fproduct_cat&post=333"},{"taxonomy":"product_tag","embeddable":true,"href":"https:\/\/jabrzezinscy.pl\/index.php?rest_route=%2Fwp%2Fv2%2Fproduct_tag&post=333"}],"curies":[{"name":"wp","href":"https:\/\/api.w.org\/{rel}","templated":true}]}}