{"id":354,"date":"2022-04-09T23:33:57","date_gmt":"2022-04-09T21:33:57","guid":{"rendered":"https:\/\/server728755.nazwa.pl\/wordpress\/wpn_agnieszka\/?product=plywaczki-3"},"modified":"2025-03-15T15:21:21","modified_gmt":"2025-03-15T14:21:21","slug":"plywaczki-2","status":"publish","type":"product","link":"https:\/\/jabrzezinscy.pl\/?product=plywaczki-2","title":{"rendered":"Lekcja p\u0142ywania"},"content":{"rendered":"<p><img fetchpriority=\"high\" decoding=\"async\" class=\"alignnone size-medium wp-image-621\" src=\"https:\/\/jabrzezinscy.pl\/wp-content\/uploads\/2022\/04\/DSC_1197-1536x1144-1-300x223.jpg\" alt=\"\" width=\"300\" height=\"223\" srcset=\"https:\/\/jabrzezinscy.pl\/wp-content\/uploads\/2022\/04\/DSC_1197-1536x1144-1-300x223.jpg 300w, https:\/\/jabrzezinscy.pl\/wp-content\/uploads\/2022\/04\/DSC_1197-1536x1144-1-600x447.jpg 600w, https:\/\/jabrzezinscy.pl\/wp-content\/uploads\/2022\/04\/DSC_1197-1536x1144-1-1024x763.jpg 1024w, https:\/\/jabrzezinscy.pl\/wp-content\/uploads\/2022\/04\/DSC_1197-1536x1144-1-768x572.jpg 768w, https:\/\/jabrzezinscy.pl\/wp-content\/uploads\/2022\/04\/DSC_1197-1536x1144-1.jpg 1536w\" sizes=\"(max-width: 300px) 100vw, 300px\" \/><\/p>\n<blockquote><p><span>Obraz na zam\u00f3wienie \u2013 skontaktuj si\u0119 z Artystk\u0105.<\/span><\/p><\/blockquote>\n<p>&#8222;Lekcja p\u0142ywania&#8221; z cyklu 'Siostry\u2019<br \/>\nolej na p\u0142\u00f3tnie | 2021 | 60\u00d780 cm<\/p>\n","protected":false},"excerpt":{"rendered":"<p>60\u00d780 cm (wys. x szer.)<\/p>\n","protected":false},"featured_media":621,"comment_status":"closed","ping_status":"closed","template":"","meta":[],"product_brand":[],"product_cat":[16],"product_tag":[56,55,54],"class_list":{"0":"post-354","1":"product","2":"type-product","3":"status-publish","4":"has-post-thumbnail","6":"product_cat-olej","7":"product_tag-agnieszka-brzezinska","8":"product_tag-olej","9":"product_tag-siostry","11":"first","12":"onbackorder","13":"shipping-taxable","14":"purchasable","15":"product-type-simple"},"_links":{"self":[{"href":"https:\/\/jabrzezinscy.pl\/index.php?rest_route=\/wp\/v2\/product\/354","targetHints":{"allow":["GET"]}}],"collection":[{"href":"https:\/\/jabrzezinscy.pl\/index.php?rest_route=\/wp\/v2\/product"}],"about":[{"href":"https:\/\/jabrzezinscy.pl\/index.php?rest_route=\/wp\/v2\/types\/product"}],"replies":[{"embeddable":true,"href":"https:\/\/jabrzezinscy.pl\/index.php?rest_route=%2Fwp%2Fv2%2Fcomments&post=354"}],"version-history":[{"count":3,"href":"https:\/\/jabrzezinscy.pl\/index.php?rest_route=\/wp\/v2\/product\/354\/revisions"}],"predecessor-version":[{"id":5243,"href":"https:\/\/jabrzezinscy.pl\/index.php?rest_route=\/wp\/v2\/product\/354\/revisions\/5243"}],"wp:featuredmedia":[{"embeddable":true,"href":"https:\/\/jabrzezinscy.pl\/index.php?rest_route=\/wp\/v2\/media\/621"}],"wp:attachment":[{"href":"https:\/\/jabrzezinscy.pl\/index.php?rest_route=%2Fwp%2Fv2%2Fmedia&parent=354"}],"wp:term":[{"taxonomy":"product_brand","embeddable":true,"href":"https:\/\/jabrzezinscy.pl\/index.php?rest_route=%2Fwp%2Fv2%2Fproduct_brand&post=354"},{"taxonomy":"product_cat","embeddable":true,"href":"https:\/\/jabrzezinscy.pl\/index.php?rest_route=%2Fwp%2Fv2%2Fproduct_cat&post=354"},{"taxonomy":"product_tag","embeddable":true,"href":"https:\/\/jabrzezinscy.pl\/index.php?rest_route=%2Fwp%2Fv2%2Fproduct_tag&post=354"}],"curies":[{"name":"wp","href":"https:\/\/api.w.org\/{rel}","templated":true}]}}