{"id":363,"date":"2022-04-09T23:33:58","date_gmt":"2022-04-09T21:33:58","guid":{"rendered":"https:\/\/server728755.nazwa.pl\/wordpress\/wpn_agnieszka\/?product=pokolenie-2"},"modified":"2025-08-28T23:11:28","modified_gmt":"2025-08-28T21:11:28","slug":"pokolenie-2","status":"publish","type":"product","link":"https:\/\/jabrzezinscy.pl\/?product=pokolenie-2","title":{"rendered":"Pokolenie"},"content":{"rendered":"<p><img fetchpriority=\"high\" decoding=\"async\" class=\"alignnone size-medium wp-image-570\" src=\"https:\/\/jabrzezinscy.pl\/wp-content\/uploads\/2022\/04\/DSC_3955a-1536x1222-1-300x239.jpg\" alt=\"\" width=\"300\" height=\"239\" srcset=\"https:\/\/jabrzezinscy.pl\/wp-content\/uploads\/2022\/04\/DSC_3955a-1536x1222-1-300x239.jpg 300w, https:\/\/jabrzezinscy.pl\/wp-content\/uploads\/2022\/04\/DSC_3955a-1536x1222-1-600x477.jpg 600w, https:\/\/jabrzezinscy.pl\/wp-content\/uploads\/2022\/04\/DSC_3955a-1536x1222-1-1024x815.jpg 1024w, https:\/\/jabrzezinscy.pl\/wp-content\/uploads\/2022\/04\/DSC_3955a-1536x1222-1-768x611.jpg 768w, https:\/\/jabrzezinscy.pl\/wp-content\/uploads\/2022\/04\/DSC_3955a-1536x1222-1.jpg 1536w\" sizes=\"(max-width: 300px) 100vw, 300px\" \/><\/p>\n<p><span>Obraz olejny na papierze o wymiarach 28x38cm umieszczony w z\u0142otej pi\u0119knej ramie 45x55cm z passe-partout gotowy do zawieszenia na \u015bcianie. Obraz jest sygnowany z przodu inicja\u0142ami, z ty\u0142u monogramem artysty\/Agnieszka Brzezi\u0144ska 2021. Praca jest cz\u0119\u015bci\u0105 otwartego cyklu malarskiego, rozpocz\u0119tego w 2020 roku pt: Siostry. Cykl przedstawia dwie siostry w charakterystycznej uproszczonej postaci i stanowi studium postaci i zachodz\u0105cych mi\u0119dzy nimi relacji. Obraz utrzymany w ciekawych tonacjach br\u0105zu mo\u017ce doda\u0107 wn\u0119trzu Twego pomieszczenia klimatu i tajemniczo\u015bci. Mo\u017ce tak\u017ce sta\u0107 si\u0119 mi\u0142ym prezentem dla os\u00f3b ceni\u0105cych minimalizm oraz nowoczesno\u015b\u0107.<\/span><\/p>\n","protected":false},"excerpt":{"rendered":"<p><span>28x38cm (wys. x szer.)<br \/>\nw ramie 45x55cm z passe-partout<br \/>\n<\/span><\/p>\n","protected":false},"featured_media":570,"comment_status":"closed","ping_status":"closed","template":"","meta":[],"product_brand":[],"product_cat":[15],"product_tag":[],"class_list":{"0":"post-363","1":"product","2":"type-product","3":"status-publish","4":"has-post-thumbnail","6":"product_cat-papier","8":"first","9":"instock","10":"shipping-taxable","11":"purchasable","12":"product-type-simple"},"_links":{"self":[{"href":"https:\/\/jabrzezinscy.pl\/index.php?rest_route=\/wp\/v2\/product\/363","targetHints":{"allow":["GET"]}}],"collection":[{"href":"https:\/\/jabrzezinscy.pl\/index.php?rest_route=\/wp\/v2\/product"}],"about":[{"href":"https:\/\/jabrzezinscy.pl\/index.php?rest_route=\/wp\/v2\/types\/product"}],"replies":[{"embeddable":true,"href":"https:\/\/jabrzezinscy.pl\/index.php?rest_route=%2Fwp%2Fv2%2Fcomments&post=363"}],"version-history":[{"count":3,"href":"https:\/\/jabrzezinscy.pl\/index.php?rest_route=\/wp\/v2\/product\/363\/revisions"}],"predecessor-version":[{"id":5238,"href":"https:\/\/jabrzezinscy.pl\/index.php?rest_route=\/wp\/v2\/product\/363\/revisions\/5238"}],"wp:featuredmedia":[{"embeddable":true,"href":"https:\/\/jabrzezinscy.pl\/index.php?rest_route=\/wp\/v2\/media\/570"}],"wp:attachment":[{"href":"https:\/\/jabrzezinscy.pl\/index.php?rest_route=%2Fwp%2Fv2%2Fmedia&parent=363"}],"wp:term":[{"taxonomy":"product_brand","embeddable":true,"href":"https:\/\/jabrzezinscy.pl\/index.php?rest_route=%2Fwp%2Fv2%2Fproduct_brand&post=363"},{"taxonomy":"product_cat","embeddable":true,"href":"https:\/\/jabrzezinscy.pl\/index.php?rest_route=%2Fwp%2Fv2%2Fproduct_cat&post=363"},{"taxonomy":"product_tag","embeddable":true,"href":"https:\/\/jabrzezinscy.pl\/index.php?rest_route=%2Fwp%2Fv2%2Fproduct_tag&post=363"}],"curies":[{"name":"wp","href":"https:\/\/api.w.org\/{rel}","templated":true}]}}