{"id":371,"date":"2022-04-09T23:33:58","date_gmt":"2022-04-09T21:33:58","guid":{"rendered":"https:\/\/server728755.nazwa.pl\/wordpress\/wpn_agnieszka\/?product=przynoszace-owoce-2"},"modified":"2025-08-28T23:10:48","modified_gmt":"2025-08-28T21:10:48","slug":"przynoszace-owoce-2","status":"publish","type":"product","link":"https:\/\/jabrzezinscy.pl\/?product=przynoszace-owoce-2","title":{"rendered":"Przynosz\u0105ce owoce"},"content":{"rendered":"<p><img fetchpriority=\"high\" decoding=\"async\" class=\"alignnone size-medium wp-image-516\" src=\"https:\/\/jabrzezinscy.pl\/wp-content\/uploads\/2022\/04\/przynoszace_owoce-1024x759-1-300x222.jpg\" alt=\"\" width=\"300\" height=\"222\" \/><\/p>\n<blockquote><p>Na zam\u00f3wienie &#8211; skontaktuj si\u0119 z Artystk\u0105<\/p><\/blockquote>\n<p>Przynosz\u0105ce owoce<br \/>\nolej na p\u0142\u00f3tnie | 2021 | 60\u00d780 cm<\/p>\n","protected":false},"excerpt":{"rendered":"<p>60\u00d780 cm (wys. x szer.)<\/p>\n","protected":false},"featured_media":516,"comment_status":"closed","ping_status":"closed","template":"","meta":[],"product_brand":[],"product_cat":[16],"product_tag":[],"class_list":{"0":"post-371","1":"product","2":"type-product","3":"status-publish","4":"has-post-thumbnail","6":"product_cat-olej","8":"first","9":"onbackorder","10":"shipping-taxable","11":"purchasable","12":"product-type-simple"},"_links":{"self":[{"href":"https:\/\/jabrzezinscy.pl\/index.php?rest_route=\/wp\/v2\/product\/371","targetHints":{"allow":["GET"]}}],"collection":[{"href":"https:\/\/jabrzezinscy.pl\/index.php?rest_route=\/wp\/v2\/product"}],"about":[{"href":"https:\/\/jabrzezinscy.pl\/index.php?rest_route=\/wp\/v2\/types\/product"}],"replies":[{"embeddable":true,"href":"https:\/\/jabrzezinscy.pl\/index.php?rest_route=%2Fwp%2Fv2%2Fcomments&post=371"}],"version-history":[{"count":3,"href":"https:\/\/jabrzezinscy.pl\/index.php?rest_route=\/wp\/v2\/product\/371\/revisions"}],"predecessor-version":[{"id":5236,"href":"https:\/\/jabrzezinscy.pl\/index.php?rest_route=\/wp\/v2\/product\/371\/revisions\/5236"}],"wp:featuredmedia":[{"embeddable":true,"href":"https:\/\/jabrzezinscy.pl\/index.php?rest_route=\/wp\/v2\/media\/516"}],"wp:attachment":[{"href":"https:\/\/jabrzezinscy.pl\/index.php?rest_route=%2Fwp%2Fv2%2Fmedia&parent=371"}],"wp:term":[{"taxonomy":"product_brand","embeddable":true,"href":"https:\/\/jabrzezinscy.pl\/index.php?rest_route=%2Fwp%2Fv2%2Fproduct_brand&post=371"},{"taxonomy":"product_cat","embeddable":true,"href":"https:\/\/jabrzezinscy.pl\/index.php?rest_route=%2Fwp%2Fv2%2Fproduct_cat&post=371"},{"taxonomy":"product_tag","embeddable":true,"href":"https:\/\/jabrzezinscy.pl\/index.php?rest_route=%2Fwp%2Fv2%2Fproduct_tag&post=371"}],"curies":[{"name":"wp","href":"https:\/\/api.w.org\/{rel}","templated":true}]}}