{"id":378,"date":"2022-04-09T23:33:59","date_gmt":"2022-04-09T21:33:59","guid":{"rendered":"https:\/\/server728755.nazwa.pl\/wordpress\/wpn_agnieszka\/?product=siostry-i-2"},"modified":"2025-03-15T15:16:17","modified_gmt":"2025-03-15T14:16:17","slug":"siostry-i-2","status":"publish","type":"product","link":"https:\/\/jabrzezinscy.pl\/?product=siostry-i-2","title":{"rendered":"Siostry I"},"content":{"rendered":"<p><img fetchpriority=\"high\" decoding=\"async\" class=\"alignnone size-medium wp-image-506\" src=\"https:\/\/jabrzezinscy.pl\/wp-content\/uploads\/2022\/04\/DSC_1738-1083x1536-1-212x300.jpg\" alt=\"\" width=\"212\" height=\"300\" srcset=\"https:\/\/jabrzezinscy.pl\/wp-content\/uploads\/2022\/04\/DSC_1738-1083x1536-1-212x300.jpg 212w, https:\/\/jabrzezinscy.pl\/wp-content\/uploads\/2022\/04\/DSC_1738-1083x1536-1-600x851.jpg 600w, https:\/\/jabrzezinscy.pl\/wp-content\/uploads\/2022\/04\/DSC_1738-1083x1536-1-722x1024.jpg 722w, https:\/\/jabrzezinscy.pl\/wp-content\/uploads\/2022\/04\/DSC_1738-1083x1536-1-768x1089.jpg 768w, https:\/\/jabrzezinscy.pl\/wp-content\/uploads\/2022\/04\/DSC_1738-1083x1536-1.jpg 1083w\" sizes=\"(max-width: 212px) 100vw, 212px\" \/><\/p>\n<blockquote><p>Na zam\u00f3wienie &#8211; skontaktuj si\u0119 z Artystk\u0105<\/p><\/blockquote>\n<p><span>Siostry I &#8211; obraz olejny na papierze o wymiarach 21&#215;29,7cm (format A4) umieszczony w stalowej ramce z passe-partout, bez szyby gotowy do zawieszenia na \u015bcianie. Obraz jest sygnowany z ty\u0142u monogramem artysty\/Agnieszka Brzezi\u0144ska 2020. Praca jest cz\u0119\u015bci\u0105 otwartego cyklu malarskiego, rozpocz\u0119tego w 2020 roku pt: Siostry. Cykl przedstawia dwie siostry w charakterystycznej uproszczonej postaci. Obraz posiada symetryczn\u0105 kompozycj\u0119 zamieszczonych postaci z ciekawie dobranymi odcieniami barw i komplementarnym dla nich t\u0142em.<\/span><\/p>\n","protected":false},"excerpt":{"rendered":"<p><span>21&#215;29,7cm (wys. x szer.)<br \/>\n<\/span><span>rama 51 \u00d7 41 \u00d7 1 cm\u00a0<\/span><\/p>\n","protected":false},"featured_media":506,"comment_status":"closed","ping_status":"closed","template":"","meta":[],"product_brand":[],"product_cat":[16],"product_tag":[],"class_list":{"0":"post-378","1":"product","2":"type-product","3":"status-publish","4":"has-post-thumbnail","6":"product_cat-olej","8":"first","9":"onbackorder","10":"shipping-taxable","11":"purchasable","12":"product-type-simple"},"_links":{"self":[{"href":"https:\/\/jabrzezinscy.pl\/index.php?rest_route=\/wp\/v2\/product\/378","targetHints":{"allow":["GET"]}}],"collection":[{"href":"https:\/\/jabrzezinscy.pl\/index.php?rest_route=\/wp\/v2\/product"}],"about":[{"href":"https:\/\/jabrzezinscy.pl\/index.php?rest_route=\/wp\/v2\/types\/product"}],"replies":[{"embeddable":true,"href":"https:\/\/jabrzezinscy.pl\/index.php?rest_route=%2Fwp%2Fv2%2Fcomments&post=378"}],"version-history":[{"count":3,"href":"https:\/\/jabrzezinscy.pl\/index.php?rest_route=\/wp\/v2\/product\/378\/revisions"}],"predecessor-version":[{"id":5233,"href":"https:\/\/jabrzezinscy.pl\/index.php?rest_route=\/wp\/v2\/product\/378\/revisions\/5233"}],"wp:featuredmedia":[{"embeddable":true,"href":"https:\/\/jabrzezinscy.pl\/index.php?rest_route=\/wp\/v2\/media\/506"}],"wp:attachment":[{"href":"https:\/\/jabrzezinscy.pl\/index.php?rest_route=%2Fwp%2Fv2%2Fmedia&parent=378"}],"wp:term":[{"taxonomy":"product_brand","embeddable":true,"href":"https:\/\/jabrzezinscy.pl\/index.php?rest_route=%2Fwp%2Fv2%2Fproduct_brand&post=378"},{"taxonomy":"product_cat","embeddable":true,"href":"https:\/\/jabrzezinscy.pl\/index.php?rest_route=%2Fwp%2Fv2%2Fproduct_cat&post=378"},{"taxonomy":"product_tag","embeddable":true,"href":"https:\/\/jabrzezinscy.pl\/index.php?rest_route=%2Fwp%2Fv2%2Fproduct_tag&post=378"}],"curies":[{"name":"wp","href":"https:\/\/api.w.org\/{rel}","templated":true}]}}