{"id":385,"date":"2022-04-09T23:33:59","date_gmt":"2022-04-09T21:33:59","guid":{"rendered":"https:\/\/server728755.nazwa.pl\/wordpress\/wpn_agnieszka\/?product=siostry-ix-w-ciemni"},"modified":"2025-08-28T23:09:10","modified_gmt":"2025-08-28T21:09:10","slug":"siostry-ix-w-ciemni","status":"publish","type":"product","link":"https:\/\/jabrzezinscy.pl\/?product=siostry-ix-w-ciemni","title":{"rendered":"Siostry IX w ciemni"},"content":{"rendered":"<p><img fetchpriority=\"high\" decoding=\"async\" class=\"alignnone size-medium wp-image-562\" src=\"https:\/\/server728755.nazwa.pl\/wordpress\/wpn_agnieszka\/wp-content\/uploads\/2022\/04\/SiostryVIII-240x300.jpg\" alt=\"\" width=\"240\" height=\"300\" srcset=\"https:\/\/jabrzezinscy.pl\/wp-content\/uploads\/2022\/04\/SiostryVIII-240x300.jpg 240w, https:\/\/jabrzezinscy.pl\/wp-content\/uploads\/2022\/04\/SiostryVIII-600x751.jpg 600w, https:\/\/jabrzezinscy.pl\/wp-content\/uploads\/2022\/04\/SiostryVIII-818x1024.jpg 818w, https:\/\/jabrzezinscy.pl\/wp-content\/uploads\/2022\/04\/SiostryVIII-768x961.jpg 768w, https:\/\/jabrzezinscy.pl\/wp-content\/uploads\/2022\/04\/SiostryVIII-1228x1536.jpg 1228w, https:\/\/jabrzezinscy.pl\/wp-content\/uploads\/2022\/04\/SiostryVIII.jpg 1453w\" sizes=\"(max-width: 240px) 100vw, 240px\" \/><\/p>\n<div class=\"title\">Siostry IX &#8211; w ciemni &#8211; obraz olejny na papierze<\/div>\n<div class=\"category-and-dimensions\">\n<div class=\"category\">Olej 41 \u00d7 33 cm ( wys. \u00d7 szer. )<\/div>\n<\/div>\n<p><span>Obraz olejny na papierze o wymiarach 41x33cm umieszczony w ramie 50x40cm z passe-partout z szyb\u0105 gotowy do zawieszenia na \u015bcianie. Obraz jest sygnowany z ty\u0142u monogramem artysty\/Agnieszka Brzezi\u0144ska 2021. Praca jest cz\u0119\u015bci\u0105 otwartego cyklu malarskiego, rozpocz\u0119tego w 2020 roku pt: Siostry. Cykl przedstawia dwie siostry w charakterystycznej uproszczonej postaci i stanowi studium postaci i zachodz\u0105cych mi\u0119dzy nimi relacji. Obraz utrzymany w ciemnych tonacjach mo\u017ce doda\u0107 wn\u0119trzu Twego pomieszczenia klimatu i tajemniczo\u015bci. Mo\u017ce tak\u017ce sta\u0107 si\u0119 mi\u0142ym prezentem dla os\u00f3b ceni\u0105cych minimalizm oraz nowoczesno\u015b\u0107.<\/span><\/p>\n","protected":false},"excerpt":{"rendered":"<p><span>41 \u00d7 33 cm ( wys. \u00d7 szer. )<\/span><\/p>\n","protected":false},"featured_media":562,"comment_status":"closed","ping_status":"closed","template":"","meta":[],"product_brand":[],"product_cat":[15],"product_tag":[],"class_list":{"0":"post-385","1":"product","2":"type-product","3":"status-publish","4":"has-post-thumbnail","6":"product_cat-papier","8":"first","9":"instock","10":"shipping-taxable","11":"purchasable","12":"product-type-simple"},"_links":{"self":[{"href":"https:\/\/jabrzezinscy.pl\/index.php?rest_route=\/wp\/v2\/product\/385","targetHints":{"allow":["GET"]}}],"collection":[{"href":"https:\/\/jabrzezinscy.pl\/index.php?rest_route=\/wp\/v2\/product"}],"about":[{"href":"https:\/\/jabrzezinscy.pl\/index.php?rest_route=\/wp\/v2\/types\/product"}],"replies":[{"embeddable":true,"href":"https:\/\/jabrzezinscy.pl\/index.php?rest_route=%2Fwp%2Fv2%2Fcomments&post=385"}],"version-history":[{"count":3,"href":"https:\/\/jabrzezinscy.pl\/index.php?rest_route=\/wp\/v2\/product\/385\/revisions"}],"predecessor-version":[{"id":4816,"href":"https:\/\/jabrzezinscy.pl\/index.php?rest_route=\/wp\/v2\/product\/385\/revisions\/4816"}],"wp:featuredmedia":[{"embeddable":true,"href":"https:\/\/jabrzezinscy.pl\/index.php?rest_route=\/wp\/v2\/media\/562"}],"wp:attachment":[{"href":"https:\/\/jabrzezinscy.pl\/index.php?rest_route=%2Fwp%2Fv2%2Fmedia&parent=385"}],"wp:term":[{"taxonomy":"product_brand","embeddable":true,"href":"https:\/\/jabrzezinscy.pl\/index.php?rest_route=%2Fwp%2Fv2%2Fproduct_brand&post=385"},{"taxonomy":"product_cat","embeddable":true,"href":"https:\/\/jabrzezinscy.pl\/index.php?rest_route=%2Fwp%2Fv2%2Fproduct_cat&post=385"},{"taxonomy":"product_tag","embeddable":true,"href":"https:\/\/jabrzezinscy.pl\/index.php?rest_route=%2Fwp%2Fv2%2Fproduct_tag&post=385"}],"curies":[{"name":"wp","href":"https:\/\/api.w.org\/{rel}","templated":true}]}}