{"id":395,"date":"2022-04-09T23:34:00","date_gmt":"2022-04-09T21:34:00","guid":{"rendered":"https:\/\/server728755.nazwa.pl\/wordpress\/wpn_agnieszka\/?product=siostry-vii-patrza"},"modified":"2025-03-15T14:57:39","modified_gmt":"2025-03-15T13:57:39","slug":"siostry-vii-patrza","status":"publish","type":"product","link":"https:\/\/jabrzezinscy.pl\/?product=siostry-vii-patrza","title":{"rendered":"Siostry VII patrz\u0105"},"content":{"rendered":"<p><img fetchpriority=\"high\" decoding=\"async\" class=\"alignnone size-medium wp-image-561\" src=\"https:\/\/jabrzezinscy.pl\/wp-content\/uploads\/2022\/04\/SiostryVII-241x300.jpg\" alt=\"\" width=\"241\" height=\"300\" \/><\/p>\n<p><span>Obraz olejny na papierze o wymiarach 33x41cm umieszczony w ramie 40x50cm z passe-partout z szyb\u0105 gotowy do zawieszenia na \u015bcianie. Obraz jest sygnowany z ty\u0142u monogramem artysty\/Agnieszka Brzezi\u0144ska 2021. Praca jest cz\u0119\u015bci\u0105 otwartego cyklu malarskiego, rozpocz\u0119tego w 2020 roku pt: Siostry. Cykl przedstawia dwie siostry w charakterystycznej uproszczonej postaci i stanowi studium postaci i zachodz\u0105cych mi\u0119dzy nimi relacji. Praca ze wzgl\u0119du na swoje kolory mo\u017ce rozja\u015bni\u0107 wn\u0119trze salonu, sypialni jak r\u00f3wnie\u017c gabinetu. Obraz mo\u017ce sta\u0107 si\u0119 mi\u0142ym prezentem dla mi\u0142o\u015bnik\u00f3w muzyki, os\u00f3b ceni\u0105cych minimalizm.<\/span><\/p>\n","protected":false},"excerpt":{"rendered":"<p><span>33x41cm (wys. x szer.)<\/span><\/p>\n<p><span>w ramie 40x50cm z passe-partout<\/span><\/p>\n<p>&nbsp;<\/p>\n","protected":false},"featured_media":561,"comment_status":"closed","ping_status":"closed","template":"","meta":[],"product_brand":[],"product_cat":[16],"product_tag":[],"class_list":{"0":"post-395","1":"product","2":"type-product","3":"status-publish","4":"has-post-thumbnail","6":"product_cat-olej","8":"first","9":"onbackorder","10":"shipping-taxable","11":"purchasable","12":"product-type-simple"},"_links":{"self":[{"href":"https:\/\/jabrzezinscy.pl\/index.php?rest_route=\/wp\/v2\/product\/395","targetHints":{"allow":["GET"]}}],"collection":[{"href":"https:\/\/jabrzezinscy.pl\/index.php?rest_route=\/wp\/v2\/product"}],"about":[{"href":"https:\/\/jabrzezinscy.pl\/index.php?rest_route=\/wp\/v2\/types\/product"}],"replies":[{"embeddable":true,"href":"https:\/\/jabrzezinscy.pl\/index.php?rest_route=%2Fwp%2Fv2%2Fcomments&post=395"}],"version-history":[{"count":3,"href":"https:\/\/jabrzezinscy.pl\/index.php?rest_route=\/wp\/v2\/product\/395\/revisions"}],"predecessor-version":[{"id":5229,"href":"https:\/\/jabrzezinscy.pl\/index.php?rest_route=\/wp\/v2\/product\/395\/revisions\/5229"}],"wp:featuredmedia":[{"embeddable":true,"href":"https:\/\/jabrzezinscy.pl\/index.php?rest_route=\/wp\/v2\/media\/561"}],"wp:attachment":[{"href":"https:\/\/jabrzezinscy.pl\/index.php?rest_route=%2Fwp%2Fv2%2Fmedia&parent=395"}],"wp:term":[{"taxonomy":"product_brand","embeddable":true,"href":"https:\/\/jabrzezinscy.pl\/index.php?rest_route=%2Fwp%2Fv2%2Fproduct_brand&post=395"},{"taxonomy":"product_cat","embeddable":true,"href":"https:\/\/jabrzezinscy.pl\/index.php?rest_route=%2Fwp%2Fv2%2Fproduct_cat&post=395"},{"taxonomy":"product_tag","embeddable":true,"href":"https:\/\/jabrzezinscy.pl\/index.php?rest_route=%2Fwp%2Fv2%2Fproduct_tag&post=395"}],"curies":[{"name":"wp","href":"https:\/\/api.w.org\/{rel}","templated":true}]}}