{"id":421,"date":"2022-04-09T23:34:01","date_gmt":"2022-04-09T21:34:01","guid":{"rendered":"https:\/\/server728755.nazwa.pl\/wordpress\/wpn_agnieszka\/?product=siostry-z-nakryciem-glowy"},"modified":"2024-02-07T22:53:59","modified_gmt":"2024-02-07T21:53:59","slug":"siostry-z-nakryciem-glowy","status":"publish","type":"product","link":"https:\/\/jabrzezinscy.pl\/?product=siostry-z-nakryciem-glowy","title":{"rendered":"Siostry z nakryciem g\u0142owy"},"content":{"rendered":"<p><img fetchpriority=\"high\" decoding=\"async\" class=\"alignnone size-medium wp-image-504\" src=\"https:\/\/server728755.nazwa.pl\/wordpress\/wpn_agnieszka\/wp-content\/uploads\/2022\/04\/DSC_0687-1-600x901-1-200x300.jpg\" alt=\"\" width=\"200\" height=\"300\" \/><\/p>\n<p><span>Siostry z nakryciem g\u0142owy &#8211; obraz olejny na p\u0142\u00f3tnie. Praca posiada boczne kraw\u0119dzie zamalowane na bia\u0142o. Obraz jest sygnowany z ty\u0142u monogramem artysty\/Agnieszka Brzezi\u0144ska 2020, z przodu za\u015b w prawym dolnym rogu inicja\u0142y AB. Obraz jest cz\u0119\u015bci\u0105 otwartego cyklu malarskiego, rozpocz\u0119tego w 2020 roku pt: Siostry. Praca mo\u017ce rozja\u015bni\u0107 wn\u0119trze salonu, sypialni jak r\u00f3wnie\u017c gabinetu. Obraz mo\u017ce sta\u0107 si\u0119 mi\u0142ym prezentem dla os\u00f3b ceni\u0105cych minimalizm oraz nowoczesn\u0105 geometri\u0119.<\/span><\/p>\n","protected":false},"excerpt":{"rendered":"<p><span>30 \u00d7 20 \u00d7 2 cm ( wys. \u00d7 szer. \u00d7 g\u0142. )<\/span><\/p>\n","protected":false},"featured_media":504,"comment_status":"closed","ping_status":"closed","template":"","meta":[],"product_brand":[],"product_cat":[16],"product_tag":[],"class_list":{"0":"post-421","1":"product","2":"type-product","3":"status-publish","4":"has-post-thumbnail","6":"product_cat-olej","8":"first","9":"outofstock","10":"shipping-taxable","11":"product-type-simple"},"_links":{"self":[{"href":"https:\/\/jabrzezinscy.pl\/index.php?rest_route=\/wp\/v2\/product\/421","targetHints":{"allow":["GET"]}}],"collection":[{"href":"https:\/\/jabrzezinscy.pl\/index.php?rest_route=\/wp\/v2\/product"}],"about":[{"href":"https:\/\/jabrzezinscy.pl\/index.php?rest_route=\/wp\/v2\/types\/product"}],"replies":[{"embeddable":true,"href":"https:\/\/jabrzezinscy.pl\/index.php?rest_route=%2Fwp%2Fv2%2Fcomments&post=421"}],"version-history":[{"count":1,"href":"https:\/\/jabrzezinscy.pl\/index.php?rest_route=\/wp\/v2\/product\/421\/revisions"}],"predecessor-version":[{"id":5391,"href":"https:\/\/jabrzezinscy.pl\/index.php?rest_route=\/wp\/v2\/product\/421\/revisions\/5391"}],"wp:featuredmedia":[{"embeddable":true,"href":"https:\/\/jabrzezinscy.pl\/index.php?rest_route=\/wp\/v2\/media\/504"}],"wp:attachment":[{"href":"https:\/\/jabrzezinscy.pl\/index.php?rest_route=%2Fwp%2Fv2%2Fmedia&parent=421"}],"wp:term":[{"taxonomy":"product_brand","embeddable":true,"href":"https:\/\/jabrzezinscy.pl\/index.php?rest_route=%2Fwp%2Fv2%2Fproduct_brand&post=421"},{"taxonomy":"product_cat","embeddable":true,"href":"https:\/\/jabrzezinscy.pl\/index.php?rest_route=%2Fwp%2Fv2%2Fproduct_cat&post=421"},{"taxonomy":"product_tag","embeddable":true,"href":"https:\/\/jabrzezinscy.pl\/index.php?rest_route=%2Fwp%2Fv2%2Fproduct_tag&post=421"}],"curies":[{"name":"wp","href":"https:\/\/api.w.org\/{rel}","templated":true}]}}