{"id":425,"date":"2022-04-09T23:34:02","date_gmt":"2022-04-09T21:34:02","guid":{"rendered":"https:\/\/server728755.nazwa.pl\/wordpress\/wpn_agnieszka\/?product=siostry-z-podniesionymi-rekami"},"modified":"2025-08-28T23:05:22","modified_gmt":"2025-08-28T21:05:22","slug":"siostry-z-podniesionymi-rekami","status":"publish","type":"product","link":"https:\/\/jabrzezinscy.pl\/?product=siostry-z-podniesionymi-rekami","title":{"rendered":"Siostry z podniesionymi r\u0119kami"},"content":{"rendered":"<p><img fetchpriority=\"high\" decoding=\"async\" class=\"alignnone size-medium wp-image-567\" src=\"https:\/\/jabrzezinscy.pl\/wp-content\/uploads\/2022\/04\/DSC_3592-768x955-1-241x300.jpg\" alt=\"\" width=\"241\" height=\"300\" srcset=\"https:\/\/jabrzezinscy.pl\/wp-content\/uploads\/2022\/04\/DSC_3592-768x955-1-241x300.jpg 241w, https:\/\/jabrzezinscy.pl\/wp-content\/uploads\/2022\/04\/DSC_3592-768x955-1-600x746.jpg 600w, https:\/\/jabrzezinscy.pl\/wp-content\/uploads\/2022\/04\/DSC_3592-768x955-1.jpg 768w\" sizes=\"(max-width: 241px) 100vw, 241px\" \/><\/p>\n<p><span>Obraz olejny na papierze o wymiarach 39x29cm umieszczony w ramie 42x52cm z passe-partout gotowy do zawieszenia na \u015bcianie. Obraz jest sygnowany z ty\u0142u monogramem artysty\/Agnieszka Brzezi\u0144ska 2021. Praca jest cz\u0119\u015bci\u0105 otwartego cyklu malarskiego, rozpocz\u0119tego w 2020 roku pt: Siostry. Cykl przedstawia dwie siostry w charakterystycznej uproszczonej postaci i stanowi studium postaci i zachodz\u0105cych mi\u0119dzy nimi relacji. Obraz utrzymany w jasnych tonacjach mo\u017ce doda\u0107 wn\u0119trzu Twego pomieszczenia klimatu i tajemniczo\u015bci. Mo\u017ce tak\u017ce sta\u0107 si\u0119 mi\u0142ym prezentem dla os\u00f3b ceni\u0105cych minimalizm oraz nowoczesno\u015b\u0107.<\/span><\/p>\n","protected":false},"excerpt":{"rendered":"<p><span>39x29cm (wys. x szer.)<\/span><\/p>\n<p><span>w ramie 42x52cm z passe-partout<\/span><\/p>\n","protected":false},"featured_media":567,"comment_status":"closed","ping_status":"closed","template":"","meta":[],"product_brand":[],"product_cat":[15],"product_tag":[],"class_list":{"0":"post-425","1":"product","2":"type-product","3":"status-publish","4":"has-post-thumbnail","6":"product_cat-papier","8":"first","9":"instock","10":"shipping-taxable","11":"purchasable","12":"product-type-simple"},"_links":{"self":[{"href":"https:\/\/jabrzezinscy.pl\/index.php?rest_route=\/wp\/v2\/product\/425","targetHints":{"allow":["GET"]}}],"collection":[{"href":"https:\/\/jabrzezinscy.pl\/index.php?rest_route=\/wp\/v2\/product"}],"about":[{"href":"https:\/\/jabrzezinscy.pl\/index.php?rest_route=\/wp\/v2\/types\/product"}],"replies":[{"embeddable":true,"href":"https:\/\/jabrzezinscy.pl\/index.php?rest_route=%2Fwp%2Fv2%2Fcomments&post=425"}],"version-history":[{"count":3,"href":"https:\/\/jabrzezinscy.pl\/index.php?rest_route=\/wp\/v2\/product\/425\/revisions"}],"predecessor-version":[{"id":5228,"href":"https:\/\/jabrzezinscy.pl\/index.php?rest_route=\/wp\/v2\/product\/425\/revisions\/5228"}],"wp:featuredmedia":[{"embeddable":true,"href":"https:\/\/jabrzezinscy.pl\/index.php?rest_route=\/wp\/v2\/media\/567"}],"wp:attachment":[{"href":"https:\/\/jabrzezinscy.pl\/index.php?rest_route=%2Fwp%2Fv2%2Fmedia&parent=425"}],"wp:term":[{"taxonomy":"product_brand","embeddable":true,"href":"https:\/\/jabrzezinscy.pl\/index.php?rest_route=%2Fwp%2Fv2%2Fproduct_brand&post=425"},{"taxonomy":"product_cat","embeddable":true,"href":"https:\/\/jabrzezinscy.pl\/index.php?rest_route=%2Fwp%2Fv2%2Fproduct_cat&post=425"},{"taxonomy":"product_tag","embeddable":true,"href":"https:\/\/jabrzezinscy.pl\/index.php?rest_route=%2Fwp%2Fv2%2Fproduct_tag&post=425"}],"curies":[{"name":"wp","href":"https:\/\/api.w.org\/{rel}","templated":true}]}}