{"id":4404,"date":"2022-11-13T11:05:36","date_gmt":"2022-11-13T10:05:36","guid":{"rendered":"https:\/\/jabrzezinscy.pl\/?post_type=product&#038;p=4404"},"modified":"2025-08-28T22:38:28","modified_gmt":"2025-08-28T20:38:28","slug":"jadace","status":"publish","type":"product","link":"https:\/\/jabrzezinscy.pl\/?product=jadace","title":{"rendered":"Jad\u0105ce"},"content":{"rendered":"<p><img fetchpriority=\"high\" decoding=\"async\" src=\"https:\/\/jabrzezinscy.pl\/wp-content\/uploads\/2022\/11\/DSC_0467-244x300.jpg\" alt=\"\" width=\"244\" height=\"300\" class=\"alignnone wp-image-4388 size-medium\" \/><\/p>\n<blockquote><p>Jad\u0105ce z cyklu Siostry | olej\/p\u0142\u00f3tno | 30&#215;24 cm | 2022<\/p><\/blockquote>\n<p><span>Jad\u0105ce z cyklu Siostry &#8211; obraz olejny na p\u0142\u00f3tnie, nie wymaga ramy, boki zamalowane w kolorze t\u0142a. Klimat obrazu weso\u0142y, cieszy ducha, dynamiczny. Rozja\u015bni i o\u017cywi pomieszczenia, dla ludzi ceni\u0105cych minimalizm o oryginalne rozwi\u0105zania malarskie. Ciekawe podej\u015bcie do \u017cycia.<\/span><\/p>\n<p>&nbsp;<\/p>\n","protected":false},"excerpt":{"rendered":"<p>30&#215;24 cm (wys. x szer.)<\/p>\n","protected":false},"featured_media":4388,"comment_status":"closed","ping_status":"closed","template":"","meta":[],"product_brand":[],"product_cat":[16],"product_tag":[56,55,54],"class_list":{"0":"post-4404","1":"product","2":"type-product","3":"status-publish","4":"has-post-thumbnail","6":"product_cat-olej","7":"product_tag-agnieszka-brzezinska","8":"product_tag-olej","9":"product_tag-siostry","11":"first","12":"instock","13":"shipping-taxable","14":"purchasable","15":"product-type-simple"},"_links":{"self":[{"href":"https:\/\/jabrzezinscy.pl\/index.php?rest_route=\/wp\/v2\/product\/4404","targetHints":{"allow":["GET"]}}],"collection":[{"href":"https:\/\/jabrzezinscy.pl\/index.php?rest_route=\/wp\/v2\/product"}],"about":[{"href":"https:\/\/jabrzezinscy.pl\/index.php?rest_route=\/wp\/v2\/types\/product"}],"replies":[{"embeddable":true,"href":"https:\/\/jabrzezinscy.pl\/index.php?rest_route=%2Fwp%2Fv2%2Fcomments&post=4404"}],"version-history":[{"count":2,"href":"https:\/\/jabrzezinscy.pl\/index.php?rest_route=\/wp\/v2\/product\/4404\/revisions"}],"predecessor-version":[{"id":5256,"href":"https:\/\/jabrzezinscy.pl\/index.php?rest_route=\/wp\/v2\/product\/4404\/revisions\/5256"}],"wp:featuredmedia":[{"embeddable":true,"href":"https:\/\/jabrzezinscy.pl\/index.php?rest_route=\/wp\/v2\/media\/4388"}],"wp:attachment":[{"href":"https:\/\/jabrzezinscy.pl\/index.php?rest_route=%2Fwp%2Fv2%2Fmedia&parent=4404"}],"wp:term":[{"taxonomy":"product_brand","embeddable":true,"href":"https:\/\/jabrzezinscy.pl\/index.php?rest_route=%2Fwp%2Fv2%2Fproduct_brand&post=4404"},{"taxonomy":"product_cat","embeddable":true,"href":"https:\/\/jabrzezinscy.pl\/index.php?rest_route=%2Fwp%2Fv2%2Fproduct_cat&post=4404"},{"taxonomy":"product_tag","embeddable":true,"href":"https:\/\/jabrzezinscy.pl\/index.php?rest_route=%2Fwp%2Fv2%2Fproduct_tag&post=4404"}],"curies":[{"name":"wp","href":"https:\/\/api.w.org\/{rel}","templated":true}]}}