{"id":4981,"date":"2022-12-03T18:23:54","date_gmt":"2022-12-03T17:23:54","guid":{"rendered":"https:\/\/jabrzezinscy.pl\/?post_type=product&#038;p=4981"},"modified":"2025-08-28T22:35:19","modified_gmt":"2025-08-28T20:35:19","slug":"siostra-z-kocem-kopia","status":"publish","type":"product","link":"https:\/\/jabrzezinscy.pl\/?product=siostra-z-kocem-kopia","title":{"rendered":"Kupujmy drewniane torebki"},"content":{"rendered":"<p><img fetchpriority=\"high\" decoding=\"async\" src=\"https:\/\/jabrzezinscy.pl\/wp-content\/uploads\/2022\/12\/drewniane-torebki-225x300.jpg\" alt=\"\" width=\"225\" height=\"300\" class=\"alignnone size-medium wp-image-4986\" \/><\/p>\n<div class=\"category\">Olej<\/div>\n<div class=\"size\">30 \u00d7 24 \u00d7 2 cm ( wys. \u00d7 szer. \u00d7 g\u0142. )<\/div>\n<p>Kupujmy drewniane torebki z cyklu Siostry<\/p>\n<p><span>Kupujmy drewniane torebki- z cyklu Siostry, obraz olejny na p\u0142\u00f3tnie, boki zamalowane w kolorze t\u0142a. Klimat obrazu weso\u0142y, zapraszaj\u0105cy do refleksji i zmiany stylu \u017cycia. Roz\u015bwietli ka\u017cde pomieszczenie, ale przede wszystkim rozweseli ludzi.<\/span><\/p>\n","protected":false},"excerpt":{"rendered":"<div class=\"category\">30 \u00d7 24 \u00d7 2 cm ( wys. \u00d7 szer. \u00d7 g\u0142. )<\/div>\n","protected":false},"featured_media":4986,"comment_status":"closed","ping_status":"closed","template":"","meta":[],"product_brand":[],"product_cat":[16],"product_tag":[],"class_list":{"0":"post-4981","1":"product","2":"type-product","3":"status-publish","4":"has-post-thumbnail","6":"product_cat-olej","7":"product_shipping_class-mala","9":"first","10":"instock","11":"shipping-taxable","12":"purchasable","13":"product-type-simple"},"_links":{"self":[{"href":"https:\/\/jabrzezinscy.pl\/index.php?rest_route=\/wp\/v2\/product\/4981","targetHints":{"allow":["GET"]}}],"collection":[{"href":"https:\/\/jabrzezinscy.pl\/index.php?rest_route=\/wp\/v2\/product"}],"about":[{"href":"https:\/\/jabrzezinscy.pl\/index.php?rest_route=\/wp\/v2\/types\/product"}],"replies":[{"embeddable":true,"href":"https:\/\/jabrzezinscy.pl\/index.php?rest_route=%2Fwp%2Fv2%2Fcomments&post=4981"}],"version-history":[{"count":6,"href":"https:\/\/jabrzezinscy.pl\/index.php?rest_route=\/wp\/v2\/product\/4981\/revisions"}],"predecessor-version":[{"id":5204,"href":"https:\/\/jabrzezinscy.pl\/index.php?rest_route=\/wp\/v2\/product\/4981\/revisions\/5204"}],"wp:featuredmedia":[{"embeddable":true,"href":"https:\/\/jabrzezinscy.pl\/index.php?rest_route=\/wp\/v2\/media\/4986"}],"wp:attachment":[{"href":"https:\/\/jabrzezinscy.pl\/index.php?rest_route=%2Fwp%2Fv2%2Fmedia&parent=4981"}],"wp:term":[{"taxonomy":"product_brand","embeddable":true,"href":"https:\/\/jabrzezinscy.pl\/index.php?rest_route=%2Fwp%2Fv2%2Fproduct_brand&post=4981"},{"taxonomy":"product_cat","embeddable":true,"href":"https:\/\/jabrzezinscy.pl\/index.php?rest_route=%2Fwp%2Fv2%2Fproduct_cat&post=4981"},{"taxonomy":"product_tag","embeddable":true,"href":"https:\/\/jabrzezinscy.pl\/index.php?rest_route=%2Fwp%2Fv2%2Fproduct_tag&post=4981"}],"curies":[{"name":"wp","href":"https:\/\/api.w.org\/{rel}","templated":true}]}}