{"id":5265,"date":"2023-04-04T19:40:52","date_gmt":"2023-04-04T17:40:52","guid":{"rendered":"https:\/\/jabrzezinscy.pl\/?post_type=product&#038;p=5265"},"modified":"2023-05-04T18:48:01","modified_gmt":"2023-05-04T16:48:01","slug":"siostra-i-latajace-ksiazki","status":"publish","type":"product","link":"https:\/\/jabrzezinscy.pl\/?product=siostra-i-latajace-ksiazki","title":{"rendered":"Siostra i lataj\u0105ce ksi\u0105\u017cki"},"content":{"rendered":"<p><img fetchpriority=\"high\" decoding=\"async\" src=\"https:\/\/jabrzezinscy.pl\/wp-content\/uploads\/2023\/04\/Siostra-i-latajace-ksiazki-241x300.jpg\" alt=\"\" width=\"241\" height=\"300\" class=\"alignnone size-medium wp-image-5266\" \/><\/p>\n<p>Siostra i lataj\u0105ce ksi\u0105\u017cki | olej na p\u0142\u00f3tnie | 30 x 24 cm | 2022<\/p>\n","protected":false},"excerpt":{"rendered":"<p>30 x 24 cm (wys. x szer.)<\/p>\n","protected":false},"featured_media":5266,"comment_status":"closed","ping_status":"closed","template":"","meta":[],"product_brand":[],"product_cat":[16],"product_tag":[56,55,54],"class_list":{"0":"post-5265","1":"product","2":"type-product","3":"status-publish","4":"has-post-thumbnail","6":"product_cat-olej","7":"product_tag-agnieszka-brzezinska","8":"product_tag-olej","9":"product_tag-siostry","11":"first","12":"outofstock","13":"shipping-taxable","14":"product-type-simple"},"_links":{"self":[{"href":"https:\/\/jabrzezinscy.pl\/index.php?rest_route=\/wp\/v2\/product\/5265","targetHints":{"allow":["GET"]}}],"collection":[{"href":"https:\/\/jabrzezinscy.pl\/index.php?rest_route=\/wp\/v2\/product"}],"about":[{"href":"https:\/\/jabrzezinscy.pl\/index.php?rest_route=\/wp\/v2\/types\/product"}],"replies":[{"embeddable":true,"href":"https:\/\/jabrzezinscy.pl\/index.php?rest_route=%2Fwp%2Fv2%2Fcomments&post=5265"}],"version-history":[{"count":1,"href":"https:\/\/jabrzezinscy.pl\/index.php?rest_route=\/wp\/v2\/product\/5265\/revisions"}],"predecessor-version":[{"id":5267,"href":"https:\/\/jabrzezinscy.pl\/index.php?rest_route=\/wp\/v2\/product\/5265\/revisions\/5267"}],"wp:featuredmedia":[{"embeddable":true,"href":"https:\/\/jabrzezinscy.pl\/index.php?rest_route=\/wp\/v2\/media\/5266"}],"wp:attachment":[{"href":"https:\/\/jabrzezinscy.pl\/index.php?rest_route=%2Fwp%2Fv2%2Fmedia&parent=5265"}],"wp:term":[{"taxonomy":"product_brand","embeddable":true,"href":"https:\/\/jabrzezinscy.pl\/index.php?rest_route=%2Fwp%2Fv2%2Fproduct_brand&post=5265"},{"taxonomy":"product_cat","embeddable":true,"href":"https:\/\/jabrzezinscy.pl\/index.php?rest_route=%2Fwp%2Fv2%2Fproduct_cat&post=5265"},{"taxonomy":"product_tag","embeddable":true,"href":"https:\/\/jabrzezinscy.pl\/index.php?rest_route=%2Fwp%2Fv2%2Fproduct_tag&post=5265"}],"curies":[{"name":"wp","href":"https:\/\/api.w.org\/{rel}","templated":true}]}}