{"id":5362,"date":"2023-10-01T23:44:54","date_gmt":"2023-10-01T21:44:54","guid":{"rendered":"https:\/\/jabrzezinscy.pl\/?post_type=product&#038;p=5362"},"modified":"2025-11-10T20:29:55","modified_gmt":"2025-11-10T19:29:55","slug":"ucho-igielne-minimalizm","status":"publish","type":"product","link":"https:\/\/jabrzezinscy.pl\/?product=ucho-igielne-minimalizm","title":{"rendered":"Ucho igielne z cyklu &#8222;Siostry&#8221;"},"content":{"rendered":"<p data-start=\"85\" data-end=\"563\"><strong data-start=\"85\" data-end=\"121\">\u201eUcho igielne\u201d z cyklu <em data-start=\"110\" data-end=\"119\">Siostry<\/em><\/strong> \u2014 to obraz osadzony w j\u0119zyku czystego <a href=\"https:\/\/jabrzezinscy.pl\/?p=6355\">minimalizmu<\/a>. Silna, wyciszona forma kobiecej sylwetki, sprowadzona do uproszczonego konturu i plam barwnych, emanuje intymno\u015bci\u0105 i spokojem. Posta\u0107 widziana z ty\u0142u, z wi\u0105zaniami kokard na ramionach, sugeruje delikatno\u015b\u0107, mi\u0119kko\u015b\u0107 i to, co niewidoczne na pierwszy rzut oka \u2014 kobieco\u015b\u0107 rozumian\u0105 nie jako dekoracja, lecz jako obecno\u015b\u0107, pami\u0119\u0107, siostrzano\u015b\u0107.<\/p>\n<p data-start=\"565\" data-end=\"732\">B\u0142\u0119kit i ciemny, g\u0142\u0119boki fiolet buduj\u0105 wywa\u017cony kontrast, a jednocze\u015bnie pozostaj\u0105 w tonie kontemplacyjnym, pozbawionym krzyku \u2014 pozwalaj\u0105 patrze\u0107 d\u0142ugo i w milczeniu.<\/p>\n<p data-start=\"734\" data-end=\"894\" data-is-last-node=\"\" data-is-only-node=\"\">To malarstwo, kt\u00f3re nie t\u0142umaczy \u2014 ono stwarza przestrze\u0144.<br data-start=\"792\" data-end=\"795\" \/>Cisz\u0119.<br data-start=\"801\" data-end=\"804\" \/>Oddech.<br data-start=\"811\" data-end=\"814\" \/>Mi\u0119dzy tym co jest, a tym co mo\u017cemy tylko domy\u015bli\u0107 si\u0119 \u2014 jak przez ucho igielne.<\/p>\n<p><img fetchpriority=\"high\" decoding=\"async\" src=\"https:\/\/jabrzezinscy.pl\/wp-content\/uploads\/2023\/10\/DSC_1009-scaled.jpg\" alt=\"minimalizm\" width=\"1200\" height=\"1605\" class=\"alignnone wp-image-5363\" \/><\/p>\n<p>Ucho igielne z cyklu &#8222;Siostry&#8221; | olej\/p\u0142\u00f3tno | 80 x 60 cm | 2023<\/p>\n","protected":false},"excerpt":{"rendered":"<p>80 x 60 cm (wys. x szer.)<\/p>\n<p>B\u0142\u0119kit i ciemny, g\u0142\u0119boki fiolet buduj\u0105 wywa\u017cony kontrast, a jednocze\u015bnie pozostaj\u0105 w tonie kontemplacyjnym, pozbawionym krzyku \u2014 pozwalaj\u0105 patrze\u0107 d\u0142ugo i w milczeniu.<\/p>\n","protected":false},"featured_media":5363,"comment_status":"closed","ping_status":"closed","template":"","meta":[],"product_brand":[],"product_cat":[16],"product_tag":[56,55,54],"class_list":{"0":"post-5362","1":"product","2":"type-product","3":"status-publish","4":"has-post-thumbnail","6":"product_cat-olej","7":"product_tag-agnieszka-brzezinska","8":"product_tag-olej","9":"product_tag-siostry","11":"first","12":"instock","13":"shipping-taxable","14":"purchasable","15":"product-type-simple"},"_links":{"self":[{"href":"https:\/\/jabrzezinscy.pl\/index.php?rest_route=\/wp\/v2\/product\/5362","targetHints":{"allow":["GET"]}}],"collection":[{"href":"https:\/\/jabrzezinscy.pl\/index.php?rest_route=\/wp\/v2\/product"}],"about":[{"href":"https:\/\/jabrzezinscy.pl\/index.php?rest_route=\/wp\/v2\/types\/product"}],"replies":[{"embeddable":true,"href":"https:\/\/jabrzezinscy.pl\/index.php?rest_route=%2Fwp%2Fv2%2Fcomments&post=5362"}],"version-history":[{"count":5,"href":"https:\/\/jabrzezinscy.pl\/index.php?rest_route=\/wp\/v2\/product\/5362\/revisions"}],"predecessor-version":[{"id":6370,"href":"https:\/\/jabrzezinscy.pl\/index.php?rest_route=\/wp\/v2\/product\/5362\/revisions\/6370"}],"wp:featuredmedia":[{"embeddable":true,"href":"https:\/\/jabrzezinscy.pl\/index.php?rest_route=\/wp\/v2\/media\/5363"}],"wp:attachment":[{"href":"https:\/\/jabrzezinscy.pl\/index.php?rest_route=%2Fwp%2Fv2%2Fmedia&parent=5362"}],"wp:term":[{"taxonomy":"product_brand","embeddable":true,"href":"https:\/\/jabrzezinscy.pl\/index.php?rest_route=%2Fwp%2Fv2%2Fproduct_brand&post=5362"},{"taxonomy":"product_cat","embeddable":true,"href":"https:\/\/jabrzezinscy.pl\/index.php?rest_route=%2Fwp%2Fv2%2Fproduct_cat&post=5362"},{"taxonomy":"product_tag","embeddable":true,"href":"https:\/\/jabrzezinscy.pl\/index.php?rest_route=%2Fwp%2Fv2%2Fproduct_tag&post=5362"}],"curies":[{"name":"wp","href":"https:\/\/api.w.org\/{rel}","templated":true}]}}