{"id":5366,"date":"2023-12-28T18:31:50","date_gmt":"2023-12-28T17:31:50","guid":{"rendered":"https:\/\/jabrzezinscy.pl\/?post_type=product&#038;p=5366"},"modified":"2025-10-24T19:38:27","modified_gmt":"2025-10-24T17:38:27","slug":"plywaczki-3","status":"publish","type":"product","link":"https:\/\/jabrzezinscy.pl\/?product=plywaczki-3","title":{"rendered":"P\u0142ywaczki II z cyklu &#8222;Siostry&#8221;"},"content":{"rendered":"<p>Obraz olejny P\u0142ywaczki II z cyklu Siostry ukazuje dwie kobiety, kt\u00f3rych sylwetki zwr\u00f3cone s\u0105 przed\u00a0siebie, jakby w harmonijnym dialogu z wodnym \u017cywio\u0142em. Minimalistyczne, niebieskie t\u0142o, przypominaj\u0105ce spokojn\u0105 tafl\u0119 wody, stanowi subtelne t\u0142o dla ich postaci, kt\u00f3re wyr\u00f3\u017cniaj\u0105 si\u0119 charakterystycznymi nakryciami g\u0142owy, nawi\u0105zuj\u0105cymi do tradycyjnych czepk\u00f3w p\u0142ywackich. Symbolika tego dzie\u0142a odzwierciedla blisko\u015b\u0107 i solidarno\u015b\u0107 mi\u0119dzy siostrami, podczas gdy ich odwr\u00f3cone plecy sugeruj\u0105 tajemnice, kt\u00f3re pozosta\u0142y nieodkryte. W ten spos\u00f3b obraz staje si\u0119 nie tylko przedstawieniem sportowego zrywu, ale r\u00f3wnie\u017c metafor\u0105 wi\u0119zi ludzkich i wsp\u00f3lnego d\u0105\u017cenia do spe\u0142nienia.<\/p>\n<p><img fetchpriority=\"high\" decoding=\"async\" class=\"alignnone wp-image-5367 size-medium\" src=\"https:\/\/jabrzezinscy.pl\/wp-content\/uploads\/2023\/12\/DSC_2585-224x300.jpg\" alt=\"\" width=\"224\" height=\"300\" \/><\/p>\n<p>P\u0142ywaczki II z cyklu &#8222;Siostry&#8221;<br \/>\nolej na p\u0142\u00f3tnie | 2023 | 80\u00d760 cm<\/p>\n","protected":false},"excerpt":{"rendered":"<p>Dwie kobiety odwr\u00f3cone ty\u0142em, symbolizuj\u0105ce blisko\u015b\u0107 i wsp\u00f3lne d\u0105\u017cenie, w minimalistycznym niebieskim tle, kt\u00f3re delikatnie przypomina zarys wody.<\/p>\n<p>80\u00d760 cm (wys. x szer.)<\/p>\n","protected":false},"featured_media":5367,"comment_status":"closed","ping_status":"closed","template":"","meta":[],"product_brand":[],"product_cat":[16],"product_tag":[],"class_list":{"0":"post-5366","1":"product","2":"type-product","3":"status-publish","4":"has-post-thumbnail","6":"product_cat-olej","8":"first","9":"instock","10":"shipping-taxable","11":"purchasable","12":"product-type-simple"},"_links":{"self":[{"href":"https:\/\/jabrzezinscy.pl\/index.php?rest_route=\/wp\/v2\/product\/5366","targetHints":{"allow":["GET"]}}],"collection":[{"href":"https:\/\/jabrzezinscy.pl\/index.php?rest_route=\/wp\/v2\/product"}],"about":[{"href":"https:\/\/jabrzezinscy.pl\/index.php?rest_route=\/wp\/v2\/types\/product"}],"replies":[{"embeddable":true,"href":"https:\/\/jabrzezinscy.pl\/index.php?rest_route=%2Fwp%2Fv2%2Fcomments&post=5366"}],"version-history":[{"count":3,"href":"https:\/\/jabrzezinscy.pl\/index.php?rest_route=\/wp\/v2\/product\/5366\/revisions"}],"predecessor-version":[{"id":6295,"href":"https:\/\/jabrzezinscy.pl\/index.php?rest_route=\/wp\/v2\/product\/5366\/revisions\/6295"}],"wp:featuredmedia":[{"embeddable":true,"href":"https:\/\/jabrzezinscy.pl\/index.php?rest_route=\/wp\/v2\/media\/5367"}],"wp:attachment":[{"href":"https:\/\/jabrzezinscy.pl\/index.php?rest_route=%2Fwp%2Fv2%2Fmedia&parent=5366"}],"wp:term":[{"taxonomy":"product_brand","embeddable":true,"href":"https:\/\/jabrzezinscy.pl\/index.php?rest_route=%2Fwp%2Fv2%2Fproduct_brand&post=5366"},{"taxonomy":"product_cat","embeddable":true,"href":"https:\/\/jabrzezinscy.pl\/index.php?rest_route=%2Fwp%2Fv2%2Fproduct_cat&post=5366"},{"taxonomy":"product_tag","embeddable":true,"href":"https:\/\/jabrzezinscy.pl\/index.php?rest_route=%2Fwp%2Fv2%2Fproduct_tag&post=5366"}],"curies":[{"name":"wp","href":"https:\/\/api.w.org\/{rel}","templated":true}]}}