{"id":5384,"date":"2023-12-31T14:58:48","date_gmt":"2023-12-31T13:58:48","guid":{"rendered":"https:\/\/jabrzezinscy.pl\/?post_type=product&#038;p=5384"},"modified":"2025-08-28T22:18:47","modified_gmt":"2025-08-28T20:18:47","slug":"siostry-radosne","status":"publish","type":"product","link":"https:\/\/jabrzezinscy.pl\/?product=siostry-radosne","title":{"rendered":"Siostry radosne"},"content":{"rendered":"<p><strong>\u201eSiostry radosne\u201d<\/strong> to obraz olejny pe\u0142en energii i optymizmu. Dwie postacie ukazane w intensywnych barwach symbolizuj\u0105 rado\u015b\u0107 i wi\u0119\u017a. To nowoczesne malarstwo figuratywne, kt\u00f3re roz\u015bwietla wn\u0119trze, staj\u0105c si\u0119 nie tylko dekoracj\u0105, ale i \u017ar\u00f3d\u0142em pozytywnych emocji.<\/p>\n<p><img fetchpriority=\"high\" decoding=\"async\" class=\"alignnone wp-image-5385 size-full\" src=\"https:\/\/jabrzezinscy.pl\/wp-content\/uploads\/2023\/12\/DSC_2731.jpg\" alt=\"\" width=\"1990\" height=\"1971\" \/><\/p>\n<p>Siostry radosne<br \/>\nolej na p\u0142\u00f3tnie | 2023 | 40 cm \u00d740 cm<\/p>\n","protected":false},"excerpt":{"rendered":"<p>40\u00d740 cm (wys. x szer.)<\/p>\n<p>Dwie postacie ukazane w intensywnych barwach symbolizuj\u0105 rado\u015b\u0107 i wi\u0119\u017a.<\/p>\n","protected":false},"featured_media":5385,"comment_status":"closed","ping_status":"closed","template":"","meta":[],"product_brand":[],"product_cat":[16],"product_tag":[],"class_list":{"0":"post-5384","1":"product","2":"type-product","3":"status-publish","4":"has-post-thumbnail","6":"product_cat-olej","8":"first","9":"instock","10":"shipping-taxable","11":"purchasable","12":"product-type-simple"},"_links":{"self":[{"href":"https:\/\/jabrzezinscy.pl\/index.php?rest_route=\/wp\/v2\/product\/5384","targetHints":{"allow":["GET"]}}],"collection":[{"href":"https:\/\/jabrzezinscy.pl\/index.php?rest_route=\/wp\/v2\/product"}],"about":[{"href":"https:\/\/jabrzezinscy.pl\/index.php?rest_route=\/wp\/v2\/types\/product"}],"replies":[{"embeddable":true,"href":"https:\/\/jabrzezinscy.pl\/index.php?rest_route=%2Fwp%2Fv2%2Fcomments&post=5384"}],"version-history":[{"count":3,"href":"https:\/\/jabrzezinscy.pl\/index.php?rest_route=\/wp\/v2\/product\/5384\/revisions"}],"predecessor-version":[{"id":5944,"href":"https:\/\/jabrzezinscy.pl\/index.php?rest_route=\/wp\/v2\/product\/5384\/revisions\/5944"}],"wp:featuredmedia":[{"embeddable":true,"href":"https:\/\/jabrzezinscy.pl\/index.php?rest_route=\/wp\/v2\/media\/5385"}],"wp:attachment":[{"href":"https:\/\/jabrzezinscy.pl\/index.php?rest_route=%2Fwp%2Fv2%2Fmedia&parent=5384"}],"wp:term":[{"taxonomy":"product_brand","embeddable":true,"href":"https:\/\/jabrzezinscy.pl\/index.php?rest_route=%2Fwp%2Fv2%2Fproduct_brand&post=5384"},{"taxonomy":"product_cat","embeddable":true,"href":"https:\/\/jabrzezinscy.pl\/index.php?rest_route=%2Fwp%2Fv2%2Fproduct_cat&post=5384"},{"taxonomy":"product_tag","embeddable":true,"href":"https:\/\/jabrzezinscy.pl\/index.php?rest_route=%2Fwp%2Fv2%2Fproduct_tag&post=5384"}],"curies":[{"name":"wp","href":"https:\/\/api.w.org\/{rel}","templated":true}]}}