{"id":5401,"date":"2024-02-07T23:17:31","date_gmt":"2024-02-07T22:17:31","guid":{"rendered":"https:\/\/jabrzezinscy.pl\/?post_type=product&#038;p=5401"},"modified":"2025-10-24T18:14:42","modified_gmt":"2025-10-24T16:14:42","slug":"siostry-wazki","status":"publish","type":"product","link":"https:\/\/jabrzezinscy.pl\/?product=siostry-wazki","title":{"rendered":"Siostry Wa\u017cki"},"content":{"rendered":"<p><strong>Siostry Wa\u017cki.<\/strong> W obrazie przedstawione s\u0105 dwie postacie stoj\u0105ce ty\u0142em, kt\u00f3re przywodz\u0105 na my\u015bl delikatno\u015b\u0107 i elegancj\u0119 wa\u017cek. Ich sylwetki, subtelnie zarysowane, tworz\u0105 harmonijn\u0105 kompozycj\u0119, odzwierciedlaj\u0105c\u0105 ich zwi\u0105zek i wzajemne wsparcie. Ta metaforyczna ilustracja symbolizuje si\u0142\u0119 rodze\u0144stwa oraz wsp\u00f3lne d\u0105\u017cenie do pi\u0119kna. Siostry Wa\u017cki, niczym te niezwyk\u0142e owady, unosz\u0105 si\u0119 w przestrzeni \u017cycia, tworz\u0105c zjawiskowy obraz jedno\u015bci i delikatno\u015bci. 60 cm \u00d7 80 cm x 2 cm (wys. x szer.)<\/p>\n<p><img fetchpriority=\"high\" decoding=\"async\" class=\"alignnone wp-image-5398 size-medium\" src=\"https:\/\/jabrzezinscy.pl\/wp-content\/uploads\/2024\/02\/DSC_3551a-300x225.jpg\" alt=\"\" width=\"300\" height=\"225\" \/><\/p>\n<p>Siostry Wa\u017cki<br \/>\nolej na p\u0142\u00f3tnie | 2024 | 60 cm \u00d7 80 cm x 2 cm<\/p>\n","protected":false},"excerpt":{"rendered":"<p>Ta metaforyczna kompozycja symbolizuje si\u0142\u0119 rodze\u0144stwa oraz wsp\u00f3lne d\u0105\u017cenie do pi\u0119kna. Siostry Wa\u017cki, niczym te niezwyk\u0142e owady, unosz\u0105 si\u0119 w przestrzeni \u017cycia, tworz\u0105c zjawiskowy obraz jedno\u015bci i delikatno\u015bci.<\/p>\n<p>60 cm \u00d7 80 cm x 2 cm (wys. x szer.)<\/p>\n","protected":false},"featured_media":5398,"comment_status":"closed","ping_status":"closed","template":"","meta":[],"product_brand":[],"product_cat":[16],"product_tag":[],"class_list":{"0":"post-5401","1":"product","2":"type-product","3":"status-publish","4":"has-post-thumbnail","6":"product_cat-olej","8":"first","9":"instock","10":"shipping-taxable","11":"purchasable","12":"product-type-simple"},"_links":{"self":[{"href":"https:\/\/jabrzezinscy.pl\/index.php?rest_route=\/wp\/v2\/product\/5401","targetHints":{"allow":["GET"]}}],"collection":[{"href":"https:\/\/jabrzezinscy.pl\/index.php?rest_route=\/wp\/v2\/product"}],"about":[{"href":"https:\/\/jabrzezinscy.pl\/index.php?rest_route=\/wp\/v2\/types\/product"}],"replies":[{"embeddable":true,"href":"https:\/\/jabrzezinscy.pl\/index.php?rest_route=%2Fwp%2Fv2%2Fcomments&post=5401"}],"version-history":[{"count":3,"href":"https:\/\/jabrzezinscy.pl\/index.php?rest_route=\/wp\/v2\/product\/5401\/revisions"}],"predecessor-version":[{"id":6289,"href":"https:\/\/jabrzezinscy.pl\/index.php?rest_route=\/wp\/v2\/product\/5401\/revisions\/6289"}],"wp:featuredmedia":[{"embeddable":true,"href":"https:\/\/jabrzezinscy.pl\/index.php?rest_route=\/wp\/v2\/media\/5398"}],"wp:attachment":[{"href":"https:\/\/jabrzezinscy.pl\/index.php?rest_route=%2Fwp%2Fv2%2Fmedia&parent=5401"}],"wp:term":[{"taxonomy":"product_brand","embeddable":true,"href":"https:\/\/jabrzezinscy.pl\/index.php?rest_route=%2Fwp%2Fv2%2Fproduct_brand&post=5401"},{"taxonomy":"product_cat","embeddable":true,"href":"https:\/\/jabrzezinscy.pl\/index.php?rest_route=%2Fwp%2Fv2%2Fproduct_cat&post=5401"},{"taxonomy":"product_tag","embeddable":true,"href":"https:\/\/jabrzezinscy.pl\/index.php?rest_route=%2Fwp%2Fv2%2Fproduct_tag&post=5401"}],"curies":[{"name":"wp","href":"https:\/\/api.w.org\/{rel}","templated":true}]}}