{"id":5403,"date":"2024-02-07T23:20:26","date_gmt":"2024-02-07T22:20:26","guid":{"rendered":"https:\/\/jabrzezinscy.pl\/?post_type=product&#038;p=5403"},"modified":"2025-09-25T23:28:07","modified_gmt":"2025-09-25T21:28:07","slug":"plywaczki-ii","status":"publish","type":"product","link":"https:\/\/jabrzezinscy.pl\/?product=plywaczki-ii","title":{"rendered":"P\u0142ywaczki II"},"content":{"rendered":"<p data-start=\"163\" data-end=\"538\">Obraz z serii <em data-start=\"177\" data-end=\"185\">Si\u00f3str<\/em> ukazuje postaci zanurzone we wsp\u00f3lnym rytmie \u2013 jakby p\u0142yn\u0119\u0142y w tej samej wodzie, cho\u0107 ka\u017cda w swoim w\u0142asnym tempie. Ich charakterystyczne, lekko powi\u0119kszone, zaokr\u0105glone uszy staj\u0105 si\u0119 symbolem szczeg\u00f3lnej wra\u017cliwo\u015bci. To nie zwyk\u0142y detal anatomiczny, ale znak, \u017ce bohaterki potrafi\u0105 s\u0142ucha\u0107 ciszy, siebie nawzajem i tego, co ukryte pod powierzchni\u0105.<\/p>\n<p data-start=\"540\" data-end=\"825\"><strong>\u201eP\u0142ywaczki II\u201d<\/strong> to opowie\u015b\u0107 o blisko\u015bci i r\u00f3\u017cnorodno\u015bci \u2013 o tym, \u017ce nawet siostry dziel\u0105ce wsp\u00f3ln\u0105 przestrze\u0144 maj\u0105 w\u0142asny spos\u00f3b odbierania \u015bwiata. Obraz pulsuje spokojem, a jednocze\u015bnie niesie w sobie subtelne napi\u0119cie \u2013 jakby pyta\u0142, co ka\u017cda z nich s\u0142yszy, gdy zanurza si\u0119 w g\u0142\u0119bi\u0119.<\/p>\n<p><img fetchpriority=\"high\" decoding=\"async\" class=\"alignnone wp-image-5395 size-full\" src=\"https:\/\/jabrzezinscy.pl\/wp-content\/uploads\/2024\/02\/DSC_2738.jpg\" alt=\"\" width=\"1537\" height=\"2058\" \/><\/p>\n<p>P\u0142ywaczki II<br \/>\nolej na p\u0142\u00f3tnie | 2024 | 80 cm \u00d7 60 cm x 2 cm<\/p>\n","protected":false},"excerpt":{"rendered":"<p>80 cm \u00d7 60 cm (wys. x szer.)<\/p>\n<p>To opowie\u015b\u0107 o blisko\u015bci i r\u00f3\u017cnorodno\u015bci \u2013 o tym, \u017ce nawet siostry dziel\u0105ce wsp\u00f3ln\u0105 przestrze\u0144 maj\u0105 w\u0142asny spos\u00f3b odbierania \u015bwiata.<\/p>\n","protected":false},"featured_media":5395,"comment_status":"closed","ping_status":"closed","template":"","meta":[],"product_brand":[],"product_cat":[16],"product_tag":[],"class_list":{"0":"post-5403","1":"product","2":"type-product","3":"status-publish","4":"has-post-thumbnail","6":"product_cat-olej","8":"first","9":"instock","10":"shipping-taxable","11":"purchasable","12":"product-type-simple"},"_links":{"self":[{"href":"https:\/\/jabrzezinscy.pl\/index.php?rest_route=\/wp\/v2\/product\/5403","targetHints":{"allow":["GET"]}}],"collection":[{"href":"https:\/\/jabrzezinscy.pl\/index.php?rest_route=\/wp\/v2\/product"}],"about":[{"href":"https:\/\/jabrzezinscy.pl\/index.php?rest_route=\/wp\/v2\/types\/product"}],"replies":[{"embeddable":true,"href":"https:\/\/jabrzezinscy.pl\/index.php?rest_route=%2Fwp%2Fv2%2Fcomments&post=5403"}],"version-history":[{"count":3,"href":"https:\/\/jabrzezinscy.pl\/index.php?rest_route=\/wp\/v2\/product\/5403\/revisions"}],"predecessor-version":[{"id":6216,"href":"https:\/\/jabrzezinscy.pl\/index.php?rest_route=\/wp\/v2\/product\/5403\/revisions\/6216"}],"wp:featuredmedia":[{"embeddable":true,"href":"https:\/\/jabrzezinscy.pl\/index.php?rest_route=\/wp\/v2\/media\/5395"}],"wp:attachment":[{"href":"https:\/\/jabrzezinscy.pl\/index.php?rest_route=%2Fwp%2Fv2%2Fmedia&parent=5403"}],"wp:term":[{"taxonomy":"product_brand","embeddable":true,"href":"https:\/\/jabrzezinscy.pl\/index.php?rest_route=%2Fwp%2Fv2%2Fproduct_brand&post=5403"},{"taxonomy":"product_cat","embeddable":true,"href":"https:\/\/jabrzezinscy.pl\/index.php?rest_route=%2Fwp%2Fv2%2Fproduct_cat&post=5403"},{"taxonomy":"product_tag","embeddable":true,"href":"https:\/\/jabrzezinscy.pl\/index.php?rest_route=%2Fwp%2Fv2%2Fproduct_tag&post=5403"}],"curies":[{"name":"wp","href":"https:\/\/api.w.org\/{rel}","templated":true}]}}