{"id":5405,"date":"2024-02-07T23:23:03","date_gmt":"2024-02-07T22:23:03","guid":{"rendered":"https:\/\/jabrzezinscy.pl\/?post_type=product&#038;p=5405"},"modified":"2025-08-28T22:17:14","modified_gmt":"2025-08-28T20:17:14","slug":"plywaczka-ii","status":"publish","type":"product","link":"https:\/\/jabrzezinscy.pl\/?product=plywaczka-ii","title":{"rendered":"P\u0142ywaczka II"},"content":{"rendered":"<p><strong>\u201eP\u0142ywaczki II\u201d<\/strong> to obraz olejny b\u0119d\u0105cy cz\u0119\u015bci\u0105 cyklu \u201eSiostry\u201d. To wsp\u00f3\u0142czesne malarstwo, kt\u00f3re \u0142\u0105czy prostot\u0119 formy z bogactwem znacze\u0144, sprawiaj\u0105c, \u017ce dzie\u0142o \u015bwietnie sprawdza si\u0119 jako dekoracja wn\u0119trza.<\/p>\n<p><img fetchpriority=\"high\" decoding=\"async\" class=\"alignnone wp-image-5396 size-full\" src=\"https:\/\/jabrzezinscy.pl\/wp-content\/uploads\/2024\/02\/DSC_2739.jpg\" alt=\"p\u0142ywaczka II\" width=\"1891\" height=\"2525\" \/><\/p>\n<p>P\u0142ywaczka II<br \/>\nolej na p\u0142\u00f3tnie | 2024 | 80 cm \u00d7 60 cm x 2 cm<\/p>\n","protected":false},"excerpt":{"rendered":"<p>80 cm \u00d7 60 cm x 2 cm (wys. x szer.)<\/p>\n<p>malarstwo, kt\u00f3re \u0142\u0105czy prostot\u0119 formy z bogactwem znacze\u0144,<\/p>\n","protected":false},"featured_media":5396,"comment_status":"closed","ping_status":"closed","template":"","meta":[],"product_brand":[],"product_cat":[16],"product_tag":[],"class_list":{"0":"post-5405","1":"product","2":"type-product","3":"status-publish","4":"has-post-thumbnail","6":"product_cat-olej","8":"first","9":"instock","10":"shipping-taxable","11":"purchasable","12":"product-type-simple"},"_links":{"self":[{"href":"https:\/\/jabrzezinscy.pl\/index.php?rest_route=\/wp\/v2\/product\/5405","targetHints":{"allow":["GET"]}}],"collection":[{"href":"https:\/\/jabrzezinscy.pl\/index.php?rest_route=\/wp\/v2\/product"}],"about":[{"href":"https:\/\/jabrzezinscy.pl\/index.php?rest_route=\/wp\/v2\/types\/product"}],"replies":[{"embeddable":true,"href":"https:\/\/jabrzezinscy.pl\/index.php?rest_route=%2Fwp%2Fv2%2Fcomments&post=5405"}],"version-history":[{"count":3,"href":"https:\/\/jabrzezinscy.pl\/index.php?rest_route=\/wp\/v2\/product\/5405\/revisions"}],"predecessor-version":[{"id":5948,"href":"https:\/\/jabrzezinscy.pl\/index.php?rest_route=\/wp\/v2\/product\/5405\/revisions\/5948"}],"wp:featuredmedia":[{"embeddable":true,"href":"https:\/\/jabrzezinscy.pl\/index.php?rest_route=\/wp\/v2\/media\/5396"}],"wp:attachment":[{"href":"https:\/\/jabrzezinscy.pl\/index.php?rest_route=%2Fwp%2Fv2%2Fmedia&parent=5405"}],"wp:term":[{"taxonomy":"product_brand","embeddable":true,"href":"https:\/\/jabrzezinscy.pl\/index.php?rest_route=%2Fwp%2Fv2%2Fproduct_brand&post=5405"},{"taxonomy":"product_cat","embeddable":true,"href":"https:\/\/jabrzezinscy.pl\/index.php?rest_route=%2Fwp%2Fv2%2Fproduct_cat&post=5405"},{"taxonomy":"product_tag","embeddable":true,"href":"https:\/\/jabrzezinscy.pl\/index.php?rest_route=%2Fwp%2Fv2%2Fproduct_tag&post=5405"}],"curies":[{"name":"wp","href":"https:\/\/api.w.org\/{rel}","templated":true}]}}