{"id":5414,"date":"2024-04-04T19:32:14","date_gmt":"2024-04-04T17:32:14","guid":{"rendered":"https:\/\/jabrzezinscy.pl\/?post_type=product&#038;p=5414"},"modified":"2025-08-28T22:15:34","modified_gmt":"2025-08-28T20:15:34","slug":"golebiarka-z-cyklu-siostry","status":"publish","type":"product","link":"https:\/\/jabrzezinscy.pl\/?product=golebiarka-z-cyklu-siostry","title":{"rendered":"Go\u0142\u0119biarka z cyklu Siostry"},"content":{"rendered":"<p><strong>\u201eGo\u0142\u0119biarka\u201d<\/strong> to pe\u0142en ciep\u0142a obraz olejny, w kt\u00f3rym posta\u0107 kobiety spotyka si\u0119 z symbolem pokoju \u2013 go\u0142\u0119biem. Artystka wpisuje si\u0119 w tradycj\u0119 malarstwa figuratywnego, ale jej przekaz jest wyj\u0105tkowo wsp\u00f3\u0142czesny: chodzi o harmoni\u0119, przyja\u017a\u0144 i rado\u015b\u0107 \u017cycia. Kontrastowe barwy sprawiaj\u0105, \u017ce obraz dzia\u0142a zar\u00f3wno dekoracyjnie, jak i symbolicznie.<br data-start=\"2316\" data-end=\"2319\" \/>Ten obraz nowoczesny nie tylko zdobi \u015bcian\u0119, lecz tak\u017ce przypomina o uniwersalnych warto\u015bciach \u2013 blisko\u015bci, trosce, delikatno\u015bci. \u201eGo\u0142\u0119biarka\u201d z cyklu <strong data-start=\"2470\" data-end=\"2481\">Siostry<\/strong> jest manifestem pozytywnej sztuki, kt\u00f3ra zach\u0119ca do \u017cycia w zgodzie ze sob\u0105 i \u015bwiatem. To przyk\u0142ad malarstwa wsp\u00f3\u0142czesnego, kt\u00f3re wnosi do wn\u0119trza pi\u0119kno i lekko\u015b\u0107, tworz\u0105c przestrze\u0144 pe\u0142n\u0105 dobrej energii.<\/p>\n<p><img fetchpriority=\"high\" decoding=\"async\" class=\"alignnone wp-image-5417 size-full\" src=\"https:\/\/jabrzezinscy.pl\/wp-content\/uploads\/2024\/04\/DSC_3838.jpg\" alt=\"go\u0142\u0119biarka\" width=\"2000\" height=\"1997\" \/><\/p>\n<p><span>Go\u0142\u0119biarka z cyklu Siostry<\/span> | olej na p\u0142\u00f3tnie | 2024 | 40 cm \u00d7 40 cm x 2 cm<\/p>\n","protected":false},"excerpt":{"rendered":"<p>40 cm \u00d7 40 cm x 2 cm (wys. x szer.)<\/p>\n<p>to pe\u0142en ciep\u0142a obraz olejny, w kt\u00f3rym posta\u0107 kobiety spotyka si\u0119 z symbolem pokoju \u2013 go\u0142\u0119biem<\/p>\n","protected":false},"featured_media":5417,"comment_status":"closed","ping_status":"closed","template":"","meta":[],"product_brand":[],"product_cat":[16],"product_tag":[],"class_list":{"0":"post-5414","1":"product","2":"type-product","3":"status-publish","4":"has-post-thumbnail","6":"product_cat-olej","8":"first","9":"instock","10":"shipping-taxable","11":"purchasable","12":"product-type-simple"},"_links":{"self":[{"href":"https:\/\/jabrzezinscy.pl\/index.php?rest_route=\/wp\/v2\/product\/5414","targetHints":{"allow":["GET"]}}],"collection":[{"href":"https:\/\/jabrzezinscy.pl\/index.php?rest_route=\/wp\/v2\/product"}],"about":[{"href":"https:\/\/jabrzezinscy.pl\/index.php?rest_route=\/wp\/v2\/types\/product"}],"replies":[{"embeddable":true,"href":"https:\/\/jabrzezinscy.pl\/index.php?rest_route=%2Fwp%2Fv2%2Fcomments&post=5414"}],"version-history":[{"count":3,"href":"https:\/\/jabrzezinscy.pl\/index.php?rest_route=\/wp\/v2\/product\/5414\/revisions"}],"predecessor-version":[{"id":5952,"href":"https:\/\/jabrzezinscy.pl\/index.php?rest_route=\/wp\/v2\/product\/5414\/revisions\/5952"}],"wp:featuredmedia":[{"embeddable":true,"href":"https:\/\/jabrzezinscy.pl\/index.php?rest_route=\/wp\/v2\/media\/5417"}],"wp:attachment":[{"href":"https:\/\/jabrzezinscy.pl\/index.php?rest_route=%2Fwp%2Fv2%2Fmedia&parent=5414"}],"wp:term":[{"taxonomy":"product_brand","embeddable":true,"href":"https:\/\/jabrzezinscy.pl\/index.php?rest_route=%2Fwp%2Fv2%2Fproduct_brand&post=5414"},{"taxonomy":"product_cat","embeddable":true,"href":"https:\/\/jabrzezinscy.pl\/index.php?rest_route=%2Fwp%2Fv2%2Fproduct_cat&post=5414"},{"taxonomy":"product_tag","embeddable":true,"href":"https:\/\/jabrzezinscy.pl\/index.php?rest_route=%2Fwp%2Fv2%2Fproduct_tag&post=5414"}],"curies":[{"name":"wp","href":"https:\/\/api.w.org\/{rel}","templated":true}]}}