{"id":5433,"date":"2024-05-28T21:24:31","date_gmt":"2024-05-28T19:24:31","guid":{"rendered":"https:\/\/jabrzezinscy.pl\/?post_type=product&#038;p=5433"},"modified":"2025-09-24T16:32:15","modified_gmt":"2025-09-24T14:32:15","slug":"siostry-z-balonikami","status":"publish","type":"product","link":"https:\/\/jabrzezinscy.pl\/?product=siostry-z-balonikami","title":{"rendered":"Siostry z balonikami"},"content":{"rendered":"<p><strong>\u201eSiostry z balonikami\u201d &#8211;<\/strong> obraz olejny ukazuj\u0105cy dwie kobiety z balonikami \u2013 symbolem dzieci\u0119cej rado\u015bci i wolno\u015bci. Lekka, prosta forma nadaje dzie\u0142u nowoczesny charakter. \u201eSiostry z balonikami\u201d to malarstwo wsp\u00f3\u0142czesne, kt\u00f3re wprowadza optymizm i \u015bwie\u017co\u015b\u0107 do przestrzeni.<\/p>\n<p><img fetchpriority=\"high\" decoding=\"async\" class=\"alignnone wp-image-5434 size-full\" src=\"https:\/\/jabrzezinscy.pl\/wp-content\/uploads\/2024\/05\/DSC_4300-scaled.jpg\" alt=\"\" width=\"2560\" height=\"1915\" \/><\/p>\n<p><span>Siostry z balonikami <\/span>| olej na p\u0142\u00f3tnie | 2024 | 60 cm \u00d7 80 cm x 2 cm<\/p>\n","protected":false},"excerpt":{"rendered":"<p>60 cm \u00d7 80 cm x 2 cm (wys. x szer.)<\/p>\n<p>Lekka, prosta forma nadaje dzie\u0142u nowoczesny charakter.<\/p>\n","protected":false},"featured_media":5434,"comment_status":"closed","ping_status":"closed","template":"","meta":[],"product_brand":[],"product_cat":[16],"product_tag":[],"class_list":{"0":"post-5433","1":"product","2":"type-product","3":"status-publish","4":"has-post-thumbnail","6":"product_cat-olej","8":"first","9":"instock","10":"shipping-taxable","11":"purchasable","12":"product-type-simple"},"_links":{"self":[{"href":"https:\/\/jabrzezinscy.pl\/index.php?rest_route=\/wp\/v2\/product\/5433","targetHints":{"allow":["GET"]}}],"collection":[{"href":"https:\/\/jabrzezinscy.pl\/index.php?rest_route=\/wp\/v2\/product"}],"about":[{"href":"https:\/\/jabrzezinscy.pl\/index.php?rest_route=\/wp\/v2\/types\/product"}],"replies":[{"embeddable":true,"href":"https:\/\/jabrzezinscy.pl\/index.php?rest_route=%2Fwp%2Fv2%2Fcomments&post=5433"}],"version-history":[{"count":3,"href":"https:\/\/jabrzezinscy.pl\/index.php?rest_route=\/wp\/v2\/product\/5433\/revisions"}],"predecessor-version":[{"id":5940,"href":"https:\/\/jabrzezinscy.pl\/index.php?rest_route=\/wp\/v2\/product\/5433\/revisions\/5940"}],"wp:featuredmedia":[{"embeddable":true,"href":"https:\/\/jabrzezinscy.pl\/index.php?rest_route=\/wp\/v2\/media\/5434"}],"wp:attachment":[{"href":"https:\/\/jabrzezinscy.pl\/index.php?rest_route=%2Fwp%2Fv2%2Fmedia&parent=5433"}],"wp:term":[{"taxonomy":"product_brand","embeddable":true,"href":"https:\/\/jabrzezinscy.pl\/index.php?rest_route=%2Fwp%2Fv2%2Fproduct_brand&post=5433"},{"taxonomy":"product_cat","embeddable":true,"href":"https:\/\/jabrzezinscy.pl\/index.php?rest_route=%2Fwp%2Fv2%2Fproduct_cat&post=5433"},{"taxonomy":"product_tag","embeddable":true,"href":"https:\/\/jabrzezinscy.pl\/index.php?rest_route=%2Fwp%2Fv2%2Fproduct_tag&post=5433"}],"curies":[{"name":"wp","href":"https:\/\/api.w.org\/{rel}","templated":true}]}}