{"id":5455,"date":"2024-08-03T16:09:43","date_gmt":"2024-08-03T14:09:43","guid":{"rendered":"https:\/\/jabrzezinscy.pl\/?post_type=product&#038;p=5455"},"modified":"2025-08-28T22:12:12","modified_gmt":"2025-08-28T20:12:12","slug":"trzy-plywaczki","status":"publish","type":"product","link":"https:\/\/jabrzezinscy.pl\/?product=trzy-plywaczki","title":{"rendered":"Trzy p\u0142ywaczki"},"content":{"rendered":"<p><strong>\u201eTrzy p\u0142ywaczki\u201d<\/strong> to obraz olejny pe\u0142en rytmu i powtarzalno\u015bci. Trzy sylwetki tworz\u0105 harmoni\u0119 wsp\u00f3lnoty i wysi\u0142ku. Minimalistyczna forma i mocna kolorystyka nadaj\u0105 mu charakter wsp\u00f3\u0142czesnego malarstwa. To dzie\u0142o, kt\u00f3re o\u017cywia wn\u0119trze, wprowadzaj\u0105c energi\u0119 i r\u00f3wnowag\u0119.<\/p>\n<p><img fetchpriority=\"high\" decoding=\"async\" class=\"alignnone wp-image-5456 size-full\" src=\"https:\/\/jabrzezinscy.pl\/wp-content\/uploads\/2024\/08\/trzy_plywaczki.jpg\" alt=\"\" width=\"2106\" height=\"1249\" \/><\/p>\n<p><span>Trzy p\u0142ywaczki <\/span>| olej na p\u0142\u00f3tnie | 2024 | 60 cm \u00d7 100 cm x 2,5 cm<\/p>\n","protected":false},"excerpt":{"rendered":"<p>60 cm \u00d7 100 cm x 2,5 cm (wys. x szer.)<\/p>\n<p>Trzy sylwetki tworz\u0105 harmoni\u0119 wsp\u00f3lnoty i wysi\u0142ku.<\/p>\n","protected":false},"featured_media":5456,"comment_status":"closed","ping_status":"closed","template":"","meta":[],"product_brand":[],"product_cat":[16],"product_tag":[],"class_list":{"0":"post-5455","1":"product","2":"type-product","3":"status-publish","4":"has-post-thumbnail","6":"product_cat-olej","8":"first","9":"onbackorder","10":"shipping-taxable","11":"purchasable","12":"product-type-simple"},"_links":{"self":[{"href":"https:\/\/jabrzezinscy.pl\/index.php?rest_route=\/wp\/v2\/product\/5455","targetHints":{"allow":["GET"]}}],"collection":[{"href":"https:\/\/jabrzezinscy.pl\/index.php?rest_route=\/wp\/v2\/product"}],"about":[{"href":"https:\/\/jabrzezinscy.pl\/index.php?rest_route=\/wp\/v2\/types\/product"}],"replies":[{"embeddable":true,"href":"https:\/\/jabrzezinscy.pl\/index.php?rest_route=%2Fwp%2Fv2%2Fcomments&post=5455"}],"version-history":[{"count":3,"href":"https:\/\/jabrzezinscy.pl\/index.php?rest_route=\/wp\/v2\/product\/5455\/revisions"}],"predecessor-version":[{"id":5938,"href":"https:\/\/jabrzezinscy.pl\/index.php?rest_route=\/wp\/v2\/product\/5455\/revisions\/5938"}],"wp:featuredmedia":[{"embeddable":true,"href":"https:\/\/jabrzezinscy.pl\/index.php?rest_route=\/wp\/v2\/media\/5456"}],"wp:attachment":[{"href":"https:\/\/jabrzezinscy.pl\/index.php?rest_route=%2Fwp%2Fv2%2Fmedia&parent=5455"}],"wp:term":[{"taxonomy":"product_brand","embeddable":true,"href":"https:\/\/jabrzezinscy.pl\/index.php?rest_route=%2Fwp%2Fv2%2Fproduct_brand&post=5455"},{"taxonomy":"product_cat","embeddable":true,"href":"https:\/\/jabrzezinscy.pl\/index.php?rest_route=%2Fwp%2Fv2%2Fproduct_cat&post=5455"},{"taxonomy":"product_tag","embeddable":true,"href":"https:\/\/jabrzezinscy.pl\/index.php?rest_route=%2Fwp%2Fv2%2Fproduct_tag&post=5455"}],"curies":[{"name":"wp","href":"https:\/\/api.w.org\/{rel}","templated":true}]}}