{"id":5477,"date":"2024-08-17T15:21:24","date_gmt":"2024-08-17T13:21:24","guid":{"rendered":"https:\/\/jabrzezinscy.pl\/?post_type=product&#038;p=5477"},"modified":"2025-09-25T23:12:20","modified_gmt":"2025-09-25T21:12:20","slug":"tancerka","status":"publish","type":"product","link":"https:\/\/jabrzezinscy.pl\/?product=tancerka","title":{"rendered":"Tancerka"},"content":{"rendered":"<p><strong>\u201eTancerka\u201d<\/strong> to obraz o energii ruchu i kobieco\u015bci. Sylwetka w centrum p\u0142\u00f3tna staje si\u0119 symbolem ekspresji i rytmu \u017cycia. Obraz olejny na p\u0142\u00f3tnie, w kt\u00f3rym sylwetka kobiety staje si\u0119 metafor\u0105 ruchu, rytmu i ekspresji. \u201eTancerka\u201d \u0142\u0105czy nowoczesn\u0105 prostot\u0119 z elegancj\u0105 klasyki ta\u0144ca. To wsp\u00f3\u0142czesne malarstwo pe\u0142ne energii, idealne do wn\u0119trz, w kt\u00f3rych sztuka ma inspirowa\u0107 i podkre\u015bla\u0107 dynamik\u0119 \u017cycia.<\/p>\n<p><img fetchpriority=\"high\" decoding=\"async\" src=\"https:\/\/jabrzezinscy.pl\/wp-content\/uploads\/2024\/08\/DSC_7643.jpg\" alt=\"tancerka\" width=\"1480\" height=\"1947\" class=\"alignnone size-full wp-image-5491\" \/><\/p>\n<p><span>Tancerka <\/span>| olej na p\u0142\u00f3tnie | 2024 | 80 cm \u00d7 60 cm x 2,5 cm<\/p>\n","protected":false},"excerpt":{"rendered":"<p>80 cm \u00d7 60 cm x 2,5 cm (wys. x szer.)<\/p>\n<p>To obraz o energii ruchu i kobieco\u015bci.<\/p>\n","protected":false},"featured_media":5491,"comment_status":"closed","ping_status":"closed","template":"","meta":[],"product_brand":[],"product_cat":[16],"product_tag":[],"class_list":{"0":"post-5477","1":"product","2":"type-product","3":"status-publish","4":"has-post-thumbnail","6":"product_cat-olej","8":"first","9":"instock","10":"shipping-taxable","11":"purchasable","12":"product-type-simple"},"_links":{"self":[{"href":"https:\/\/jabrzezinscy.pl\/index.php?rest_route=\/wp\/v2\/product\/5477","targetHints":{"allow":["GET"]}}],"collection":[{"href":"https:\/\/jabrzezinscy.pl\/index.php?rest_route=\/wp\/v2\/product"}],"about":[{"href":"https:\/\/jabrzezinscy.pl\/index.php?rest_route=\/wp\/v2\/types\/product"}],"replies":[{"embeddable":true,"href":"https:\/\/jabrzezinscy.pl\/index.php?rest_route=%2Fwp%2Fv2%2Fcomments&post=5477"}],"version-history":[{"count":8,"href":"https:\/\/jabrzezinscy.pl\/index.php?rest_route=\/wp\/v2\/product\/5477\/revisions"}],"predecessor-version":[{"id":6212,"href":"https:\/\/jabrzezinscy.pl\/index.php?rest_route=\/wp\/v2\/product\/5477\/revisions\/6212"}],"wp:featuredmedia":[{"embeddable":true,"href":"https:\/\/jabrzezinscy.pl\/index.php?rest_route=\/wp\/v2\/media\/5491"}],"wp:attachment":[{"href":"https:\/\/jabrzezinscy.pl\/index.php?rest_route=%2Fwp%2Fv2%2Fmedia&parent=5477"}],"wp:term":[{"taxonomy":"product_brand","embeddable":true,"href":"https:\/\/jabrzezinscy.pl\/index.php?rest_route=%2Fwp%2Fv2%2Fproduct_brand&post=5477"},{"taxonomy":"product_cat","embeddable":true,"href":"https:\/\/jabrzezinscy.pl\/index.php?rest_route=%2Fwp%2Fv2%2Fproduct_cat&post=5477"},{"taxonomy":"product_tag","embeddable":true,"href":"https:\/\/jabrzezinscy.pl\/index.php?rest_route=%2Fwp%2Fv2%2Fproduct_tag&post=5477"}],"curies":[{"name":"wp","href":"https:\/\/api.w.org\/{rel}","templated":true}]}}