{"id":5492,"date":"2024-09-20T19:54:00","date_gmt":"2024-09-20T17:54:00","guid":{"rendered":"https:\/\/jabrzezinscy.pl\/?post_type=product&#038;p=5492"},"modified":"2025-09-25T23:05:41","modified_gmt":"2025-09-25T21:05:41","slug":"morsjanki-ii","status":"publish","type":"product","link":"https:\/\/jabrzezinscy.pl\/?product=morsjanki-ii","title":{"rendered":"Morsjanki II"},"content":{"rendered":"<p data-start=\"255\" data-end=\"356\"><strong data-start=\"255\" data-end=\"271\">Morsjanki II<\/strong> | olej na p\u0142\u00f3tnie | 2024 | 60 \u00d7 100 \u00d7 2,5 cm<\/p>\n<p data-start=\"255\" data-end=\"356\"><span class=\"\" data-state=\"closed\"><span class=\"ms-1 inline-flex max-w-full items-center relative top-[-0.094rem] animate-[show_150ms_ease-in]\" data-testid=\"webpage-citation-pill\"><\/span><\/span>\u201eMorsjanki II\u201d to obraz pe\u0142en delikatno\u015bci i subtelnej symboliki; samodzielnie stanowi odr\u0119bn\u0105 opowie\u015b\u0107, ale w duecie z \u201eMorsjankami\u201d buduje harmonijn\u0105 narracj\u0119.<\/p>\n<p data-start=\"523\" data-end=\"879\">Na p\u0142\u00f3tnie pojawia si\u0119 wysmuk\u0142a posta\u0107 kobieca \u2014 subtelna sylwetka, kt\u00f3rej kontury delikatnie \u0142\u0105cz\u0105 si\u0119 z t\u0142em obrazu. Kolory oscyluj\u0105 wok\u00f3\u0142 \u0142agodnych be\u017c\u00f3w, krem\u00f3w i szaro-b\u0142\u0119kit\u00f3w, co nadaje kompozycji stonowany, niemal eteryczny charakter. Obraz balansuje mi\u0119dzy figuratywizmem a abstrakcj\u0105 \u2014 posta\u0107 pozostaje czytelna, ale t\u0142o nie narzuca si\u0119 detalami.<\/p>\n<p data-start=\"881\" data-end=\"1192\">Jako samodzielne dzie\u0142o, \u201eMorsjanki II\u201d mo\u017ce pe\u0142ni\u0107 rol\u0119 wyciszaj\u0105cego akcentu w salonie. Zawieszony nad sof\u0105 lub obok komody wprowadza atmosfer\u0119 spokoju i refleksji. W aran\u017cacjach minimalistycznych, skandynawskich lub z przewag\u0105 jasnych barw stanowi subtelny akcent \u2013 bez konkury dla innych element\u00f3w wystroju.<\/p>\n<p><img fetchpriority=\"high\" decoding=\"async\" class=\"alignnone wp-image-5484 size-full\" src=\"https:\/\/jabrzezinscy.pl\/wp-content\/uploads\/2024\/09\/DSC_8483.jpg\" alt=\"\" width=\"2628\" height=\"1568\" \/><\/p>\n<p><span>Morsjanki II\u00a0 <\/span>| olej na p\u0142\u00f3tnie | 2024 | 60 cm \u00d7 100 cm x 2,5 cm<\/p>\n","protected":false},"excerpt":{"rendered":"<p>60 cm \u00d7 100 cm x 2,5 cm (wys. x szer.)<\/p>\n<p>Obraz pe\u0142en delikatno\u015bci i subtelnej symboliki; samodzielnie stanowi odr\u0119bn\u0105 opowie\u015b\u0107, ale w duecie z \u201eMorsjankami\u201d buduje harmonijn\u0105 narracj\u0119.<\/p>\n","protected":false},"featured_media":5484,"comment_status":"closed","ping_status":"closed","template":"","meta":[],"product_brand":[],"product_cat":[16],"product_tag":[],"class_list":{"0":"post-5492","1":"product","2":"type-product","3":"status-publish","4":"has-post-thumbnail","6":"product_cat-olej","8":"first","9":"onbackorder","10":"shipping-taxable","11":"product-type-simple"},"_links":{"self":[{"href":"https:\/\/jabrzezinscy.pl\/index.php?rest_route=\/wp\/v2\/product\/5492","targetHints":{"allow":["GET"]}}],"collection":[{"href":"https:\/\/jabrzezinscy.pl\/index.php?rest_route=\/wp\/v2\/product"}],"about":[{"href":"https:\/\/jabrzezinscy.pl\/index.php?rest_route=\/wp\/v2\/types\/product"}],"replies":[{"embeddable":true,"href":"https:\/\/jabrzezinscy.pl\/index.php?rest_route=%2Fwp%2Fv2%2Fcomments&post=5492"}],"version-history":[{"count":3,"href":"https:\/\/jabrzezinscy.pl\/index.php?rest_route=\/wp\/v2\/product\/5492\/revisions"}],"predecessor-version":[{"id":6209,"href":"https:\/\/jabrzezinscy.pl\/index.php?rest_route=\/wp\/v2\/product\/5492\/revisions\/6209"}],"wp:featuredmedia":[{"embeddable":true,"href":"https:\/\/jabrzezinscy.pl\/index.php?rest_route=\/wp\/v2\/media\/5484"}],"wp:attachment":[{"href":"https:\/\/jabrzezinscy.pl\/index.php?rest_route=%2Fwp%2Fv2%2Fmedia&parent=5492"}],"wp:term":[{"taxonomy":"product_brand","embeddable":true,"href":"https:\/\/jabrzezinscy.pl\/index.php?rest_route=%2Fwp%2Fv2%2Fproduct_brand&post=5492"},{"taxonomy":"product_cat","embeddable":true,"href":"https:\/\/jabrzezinscy.pl\/index.php?rest_route=%2Fwp%2Fv2%2Fproduct_cat&post=5492"},{"taxonomy":"product_tag","embeddable":true,"href":"https:\/\/jabrzezinscy.pl\/index.php?rest_route=%2Fwp%2Fv2%2Fproduct_tag&post=5492"}],"curies":[{"name":"wp","href":"https:\/\/api.w.org\/{rel}","templated":true}]}}