{"id":5515,"date":"2024-10-25T15:00:29","date_gmt":"2024-10-25T13:00:29","guid":{"rendered":"https:\/\/jabrzezinscy.pl\/?post_type=product&#038;p=5515"},"modified":"2025-09-24T16:30:58","modified_gmt":"2025-09-24T14:30:58","slug":"lena-i-nela","status":"publish","type":"product","link":"https:\/\/jabrzezinscy.pl\/?product=lena-i-nela","title":{"rendered":"Lena i Nela"},"content":{"rendered":"<p><strong>\u201eLena i Nela\u201d<\/strong> to obraz olejny, kt\u00f3ry opowiada o przyja\u017ani, siostrze\u0144stwie i wsp\u00f3lnym wzrastaniu. Dwie postacie kobiet, ukazane w harmonijnej kompozycji, symbolizuj\u0105 r\u00f3\u017cnorodno\u015b\u0107, ale i jedno\u015b\u0107. Malarstwo wsp\u00f3\u0142czesne w tym wydaniu staje si\u0119 hymnem na cze\u015b\u0107 wi\u0119zi \u2013 tych, kt\u00f3re tworzymy od dziecka, i tych, kt\u00f3re rozwijamy przez ca\u0142e \u017cycie.<br data-start=\"2204\" data-end=\"2207\" \/>Artystka si\u0119ga po intensywne barwy, buduj\u0105c dynamiczn\u0105, ale ciep\u0142\u0105 ca\u0142o\u015b\u0107. To sztuka nowoczesna, kt\u00f3ra zach\u0119ca do refleksji, ale robi to z pozytywnym przekazem: prawdziwa si\u0142a tkwi w relacji, w zaufaniu i wzajemnym wsparciu. To obraz, kt\u00f3ry b\u0119dzie doskona\u0142\u0105 dekoracj\u0105 wn\u0119trz, przypominaj\u0105c\u0105 o warto\u015bciach, kt\u00f3re nadaj\u0105 \u017cyciu sens. To przyk\u0142ad malarstwa figuratywnego, kt\u00f3re \u0142\u0105czy estetyk\u0119 z przes\u0142aniem \u2013 o pi\u0119knie \u017cycia w towarzystwie bliskich nam os\u00f3b.<\/p>\n<p><img fetchpriority=\"high\" decoding=\"async\" class=\"alignnone wp-image-5516 size-full\" src=\"https:\/\/jabrzezinscy.pl\/wp-content\/uploads\/2024\/10\/DSC_8697-1.jpg\" alt=\"\" width=\"2468\" height=\"1878\" \/><\/p>\n<p>&nbsp;<\/p>\n","protected":false},"excerpt":{"rendered":"<p>60 cm \u00d7 80 cm x 2,5 cm (wys. x szer.)<\/p>\n<p>Obraz olejny wprowadza do wn\u0119trza atmosfer\u0119 siostrzanej wi\u0119zi i blisko\u015bci.<\/p>\n","protected":false},"featured_media":5516,"comment_status":"closed","ping_status":"closed","template":"","meta":[],"product_brand":[],"product_cat":[16],"product_tag":[],"class_list":{"0":"post-5515","1":"product","2":"type-product","3":"status-publish","4":"has-post-thumbnail","6":"product_cat-olej","8":"first","9":"instock","10":"sale","11":"shipping-taxable","12":"purchasable","13":"product-type-simple"},"_links":{"self":[{"href":"https:\/\/jabrzezinscy.pl\/index.php?rest_route=\/wp\/v2\/product\/5515","targetHints":{"allow":["GET"]}}],"collection":[{"href":"https:\/\/jabrzezinscy.pl\/index.php?rest_route=\/wp\/v2\/product"}],"about":[{"href":"https:\/\/jabrzezinscy.pl\/index.php?rest_route=\/wp\/v2\/types\/product"}],"replies":[{"embeddable":true,"href":"https:\/\/jabrzezinscy.pl\/index.php?rest_route=%2Fwp%2Fv2%2Fcomments&post=5515"}],"version-history":[{"count":7,"href":"https:\/\/jabrzezinscy.pl\/index.php?rest_route=\/wp\/v2\/product\/5515\/revisions"}],"predecessor-version":[{"id":5964,"href":"https:\/\/jabrzezinscy.pl\/index.php?rest_route=\/wp\/v2\/product\/5515\/revisions\/5964"}],"wp:featuredmedia":[{"embeddable":true,"href":"https:\/\/jabrzezinscy.pl\/index.php?rest_route=\/wp\/v2\/media\/5516"}],"wp:attachment":[{"href":"https:\/\/jabrzezinscy.pl\/index.php?rest_route=%2Fwp%2Fv2%2Fmedia&parent=5515"}],"wp:term":[{"taxonomy":"product_brand","embeddable":true,"href":"https:\/\/jabrzezinscy.pl\/index.php?rest_route=%2Fwp%2Fv2%2Fproduct_brand&post=5515"},{"taxonomy":"product_cat","embeddable":true,"href":"https:\/\/jabrzezinscy.pl\/index.php?rest_route=%2Fwp%2Fv2%2Fproduct_cat&post=5515"},{"taxonomy":"product_tag","embeddable":true,"href":"https:\/\/jabrzezinscy.pl\/index.php?rest_route=%2Fwp%2Fv2%2Fproduct_tag&post=5515"}],"curies":[{"name":"wp","href":"https:\/\/api.w.org\/{rel}","templated":true}]}}