{"id":5657,"date":"2025-03-22T17:16:26","date_gmt":"2025-03-22T16:16:26","guid":{"rendered":"https:\/\/jabrzezinscy.pl\/?post_type=product&#038;p=5657"},"modified":"2025-09-25T22:27:47","modified_gmt":"2025-09-25T20:27:47","slug":"na-ulicy-wodnej","status":"publish","type":"product","link":"https:\/\/jabrzezinscy.pl\/?product=na-ulicy-wodnej","title":{"rendered":"Na ulicy wodnej"},"content":{"rendered":"<p data-start=\"186\" data-end=\"234\"><strong data-start=\"186\" data-end=\"232\">Olej na p\u0142\u00f3tnie \u2022 70 \u00d7 130 \u00d7 2,5 cm \u2022 2025<\/strong><\/p>\n<p data-start=\"236\" data-end=\"427\">Obraz \u201eNa ulicy wodnej\u201d autorstwa Agnieszki Brzezi\u0144skiej to subtelne, harmonijne po\u0142\u0105czenie minimalizmu i figury \u2013 dzie\u0142o, kt\u00f3re przyci\u0105ga spojrzenie swoj\u0105 delikatno\u015bci\u0105, ale i g\u0142\u0119bi\u0105 wyrazu.<\/p>\n<p data-start=\"429\" data-end=\"785\">Na pierwszym planie znajduj\u0105 si\u0119 cztery sylwetki postaci w lekkich strojach, ka\u017cda z kitk\u0105 na g\u0142owie, kt\u00f3re zdaj\u0105 si\u0119 porusza\u0107 w przestrzeni niemal eterycznej. Kompozycja unika zb\u0119dnego detalu \u2014 skupia si\u0119 na formie, \u015bwietle i relacji mi\u0119dzy postaciami a otaczaj\u0105cym t\u0142em. T\u0142o pozostaje stonowane, co pozwala postaciom \u201eoddycha\u0107\u201d i wyr\u00f3\u017cnia\u0107 si\u0119 subtelnie.<\/p>\n<p data-start=\"787\" data-end=\"1016\">Praca urzeka r\u00f3wnowag\u0105 \u2013 pomi\u0119dzy ograniczon\u0105 palet\u0105 barw\u0105 a wyra\u017anymi konturami postaci. To obraz, kt\u00f3ry w nowoczesnej przestrzeni wn\u0119trza stanie si\u0119 mocnym kulturowym akcentem, a w klasycznym salonie \u2013 detale o\u017cywczym impulsem.<\/p>\n<p data-start=\"1018\" data-end=\"1039\"><strong data-start=\"1018\" data-end=\"1037\">Dlaczego warto?<\/strong><\/p>\n<ul data-start=\"1040\" data-end=\"1471\">\n<li data-start=\"1040\" data-end=\"1154\">\n<p data-start=\"1042\" data-end=\"1154\">Dla mi\u0142o\u015bnik\u00f3w sztuki: obraz \u0142\u0105czy subtelno\u015b\u0107 i wyrazisto\u015b\u0107 \u2013 to nie tylko dekoracja, ale impuls do refleksji.<\/p>\n<\/li>\n<li data-start=\"1155\" data-end=\"1282\">\n<p data-start=\"1157\" data-end=\"1282\">Do salonu: jego format i kompozycja doskonale sprawdz\u0105 si\u0119 nad sof\u0105, w otwartej przestrzeni \u2014 pozostawiaj\u0105c \u201eoddech\u201d wok\u00f3\u0142.<\/p>\n<\/li>\n<li data-start=\"1283\" data-end=\"1471\">\n<p data-start=\"1285\" data-end=\"1471\">Uniwersalne zastosowanie: \u015bwietnie komponuje si\u0119 z wn\u0119trzami minimalistycznymi, skandynawskimi, a tak\u017ce mo\u017ce by\u0107 wyrazistym akcentem w bardziej klasycznych lub eklektycznych aran\u017cacjach.<\/p>\n<\/li>\n<\/ul>\n<p><img fetchpriority=\"high\" decoding=\"async\" class=\"alignnone wp-image-5658 size-full\" src=\"https:\/\/jabrzezinscy.pl\/wp-content\/uploads\/2025\/03\/Na-ulicy-wodnej.jpg\" alt=\"\" width=\"2430\" height=\"1280\" \/><\/p>\n<p><strong>Na ulicy wodnej | olej na p\u0142\u00f3tnie | 2025 | 70 cm \u00d7 130 cm x 2,5 cm<\/strong><\/p>\n","protected":false},"excerpt":{"rendered":"<p>70 x130x 2,5 cm (wys. x szer.)<\/p>\n<p>To obraz, kt\u00f3ry w nowoczesnej przestrzeni wn\u0119trza stanie si\u0119 mocnym kulturowym akcentem, a w klasycznym salonie \u2013 detale o\u017cywczym impulsem.<\/p>\n","protected":false},"featured_media":5658,"comment_status":"closed","ping_status":"closed","template":"","meta":[],"product_brand":[],"product_cat":[16],"product_tag":[56,55,54],"class_list":{"0":"post-5657","1":"product","2":"type-product","3":"status-publish","4":"has-post-thumbnail","6":"product_cat-olej","7":"product_tag-agnieszka-brzezinska","8":"product_tag-olej","9":"product_tag-siostry","11":"first","12":"instock","13":"shipping-taxable","14":"purchasable","15":"product-type-simple"},"_links":{"self":[{"href":"https:\/\/jabrzezinscy.pl\/index.php?rest_route=\/wp\/v2\/product\/5657","targetHints":{"allow":["GET"]}}],"collection":[{"href":"https:\/\/jabrzezinscy.pl\/index.php?rest_route=\/wp\/v2\/product"}],"about":[{"href":"https:\/\/jabrzezinscy.pl\/index.php?rest_route=\/wp\/v2\/types\/product"}],"replies":[{"embeddable":true,"href":"https:\/\/jabrzezinscy.pl\/index.php?rest_route=%2Fwp%2Fv2%2Fcomments&post=5657"}],"version-history":[{"count":7,"href":"https:\/\/jabrzezinscy.pl\/index.php?rest_route=\/wp\/v2\/product\/5657\/revisions"}],"predecessor-version":[{"id":6202,"href":"https:\/\/jabrzezinscy.pl\/index.php?rest_route=\/wp\/v2\/product\/5657\/revisions\/6202"}],"wp:featuredmedia":[{"embeddable":true,"href":"https:\/\/jabrzezinscy.pl\/index.php?rest_route=\/wp\/v2\/media\/5658"}],"wp:attachment":[{"href":"https:\/\/jabrzezinscy.pl\/index.php?rest_route=%2Fwp%2Fv2%2Fmedia&parent=5657"}],"wp:term":[{"taxonomy":"product_brand","embeddable":true,"href":"https:\/\/jabrzezinscy.pl\/index.php?rest_route=%2Fwp%2Fv2%2Fproduct_brand&post=5657"},{"taxonomy":"product_cat","embeddable":true,"href":"https:\/\/jabrzezinscy.pl\/index.php?rest_route=%2Fwp%2Fv2%2Fproduct_cat&post=5657"},{"taxonomy":"product_tag","embeddable":true,"href":"https:\/\/jabrzezinscy.pl\/index.php?rest_route=%2Fwp%2Fv2%2Fproduct_tag&post=5657"}],"curies":[{"name":"wp","href":"https:\/\/api.w.org\/{rel}","templated":true}]}}