{"id":5683,"date":"2025-06-11T16:33:57","date_gmt":"2025-06-11T14:33:57","guid":{"rendered":"https:\/\/jabrzezinscy.pl\/?post_type=product&#038;p=5683"},"modified":"2025-09-24T16:26:04","modified_gmt":"2025-09-24T14:26:04","slug":"luna","status":"publish","type":"product","link":"https:\/\/jabrzezinscy.pl\/?product=luna","title":{"rendered":"Luna"},"content":{"rendered":"<p>&#8222;Luna&#8221; &#8211; ksi\u0119\u017cycowa, cicha, pe\u0142na intuicji. Patrzy w g\u0142\u0105b, kiedy inni patrz\u0105 na powierzchni\u0119.<br data-start=\"311\" data-end=\"314\" \/>\ud83c\udf19 <em data-start=\"317\" data-end=\"325\">Symbol<\/em>: noc, marzenie, wewn\u0119trzna si\u0142a.<\/p>\n<p data-start=\"262\" data-end=\"579\">\u201eLuna\u201d to obraz pe\u0142en ciszy i tajemnicy, kt\u00f3ry zaprasza widza w przestrze\u0144 wewn\u0119trznej podr\u00f3\u017cy. Jej aura symbolizuje marzenie, intuicj\u0119 i kobiec\u0105 si\u0142\u0119 \u2013 t\u0119 ukryt\u0105, ale nieustannie obecn\u0105. Nie patrzy na powierzchni\u0119 rzeczywisto\u015bci, lecz kieruje wzrok w g\u0142\u0105b, tam, gdzie rodz\u0105 si\u0119 emocje, my\u015bli i sny.<\/p>\n<p data-start=\"581\" data-end=\"905\">Ksi\u0119\u017cycowy blask, kt\u00f3ry j\u0105 otacza, to metafora \u015bwiat\u0142a w ciemno\u015bci \u2013 delikatnego przewodnika, kt\u00f3ry pozwala odnale\u017a\u0107 drog\u0119 nawet w najbardziej niepewnych chwilach. Uczy, \u017ce prawdziwe pi\u0119kno nie zawsze jest oczywiste na pierwszy rzut oka \u2013 wymaga zatrzymania si\u0119, ws\u0142uchania w siebie i otwarcia na to, co niewidzialne.<\/p>\n<p data-start=\"907\" data-end=\"1168\">Obraz, malowany z czu\u0142o\u015bci\u0105 i wra\u017cliwo\u015bci\u0105, niesie ze sob\u0105 przes\u0142anie o sile kobiecej intuicji i m\u0105dro\u015bci, kt\u00f3ra p\u0142ynie z wewn\u0119trznego spokoju. To opowie\u015b\u0107 o nocnych marzeniach, o chwilach zadumy, o subtelnej energii, kt\u00f3ra budzi si\u0119 wtedy, gdy \u015bwiat cichnie.<\/p>\n<p data-start=\"1170\" data-end=\"1356\">\u201eLuna\u201d to nie tylko malarstwo \u2013 to zaproszenie do spotkania z w\u0142asn\u0105 cisz\u0105, do odnalezienia harmonii i zauwa\u017cenia, \u017ce w ka\u017cdym z nas drzemie \u015bwiat\u0142o, zdolne rozproszy\u0107 mrok.<\/p>\n<p><img fetchpriority=\"high\" decoding=\"async\" class=\"alignnone wp-image-5687 size-full\" src=\"https:\/\/jabrzezinscy.pl\/wp-content\/uploads\/2025\/06\/lubiaca_sport.jpg\" alt=\"\" width=\"1799\" height=\"2334\" \/><\/p>\n<p><strong>Luna | olej na p\u0142\u00f3tnie | 2025 | 90 cm \u00d7 70 cm x 2,5 cm<\/strong><\/p>\n","protected":false},"excerpt":{"rendered":"<p>90 x70x 2,5 cm (wys. x szer.)<\/p>\n<p>Ksi\u0119\u017cycowa, cicha, pe\u0142na intuicji. Patrzy w g\u0142\u0105b, kiedy inni patrz\u0105 na powierzchni\u0119.<\/p>\n","protected":false},"featured_media":5687,"comment_status":"closed","ping_status":"closed","template":"","meta":[],"product_brand":[],"product_cat":[16],"product_tag":[56,55,54],"class_list":{"0":"post-5683","1":"product","2":"type-product","3":"status-publish","4":"has-post-thumbnail","6":"product_cat-olej","7":"product_tag-agnieszka-brzezinska","8":"product_tag-olej","9":"product_tag-siostry","11":"first","12":"instock","13":"shipping-taxable","14":"purchasable","15":"product-type-simple"},"_links":{"self":[{"href":"https:\/\/jabrzezinscy.pl\/index.php?rest_route=\/wp\/v2\/product\/5683","targetHints":{"allow":["GET"]}}],"collection":[{"href":"https:\/\/jabrzezinscy.pl\/index.php?rest_route=\/wp\/v2\/product"}],"about":[{"href":"https:\/\/jabrzezinscy.pl\/index.php?rest_route=\/wp\/v2\/types\/product"}],"replies":[{"embeddable":true,"href":"https:\/\/jabrzezinscy.pl\/index.php?rest_route=%2Fwp%2Fv2%2Fcomments&post=5683"}],"version-history":[{"count":6,"href":"https:\/\/jabrzezinscy.pl\/index.php?rest_route=\/wp\/v2\/product\/5683\/revisions"}],"predecessor-version":[{"id":6048,"href":"https:\/\/jabrzezinscy.pl\/index.php?rest_route=\/wp\/v2\/product\/5683\/revisions\/6048"}],"wp:featuredmedia":[{"embeddable":true,"href":"https:\/\/jabrzezinscy.pl\/index.php?rest_route=\/wp\/v2\/media\/5687"}],"wp:attachment":[{"href":"https:\/\/jabrzezinscy.pl\/index.php?rest_route=%2Fwp%2Fv2%2Fmedia&parent=5683"}],"wp:term":[{"taxonomy":"product_brand","embeddable":true,"href":"https:\/\/jabrzezinscy.pl\/index.php?rest_route=%2Fwp%2Fv2%2Fproduct_brand&post=5683"},{"taxonomy":"product_cat","embeddable":true,"href":"https:\/\/jabrzezinscy.pl\/index.php?rest_route=%2Fwp%2Fv2%2Fproduct_cat&post=5683"},{"taxonomy":"product_tag","embeddable":true,"href":"https:\/\/jabrzezinscy.pl\/index.php?rest_route=%2Fwp%2Fv2%2Fproduct_tag&post=5683"}],"curies":[{"name":"wp","href":"https:\/\/api.w.org\/{rel}","templated":true}]}}