{"id":5693,"date":"2025-06-18T18:34:52","date_gmt":"2025-06-18T16:34:52","guid":{"rendered":"https:\/\/jabrzezinscy.pl\/?post_type=product&#038;p=5693"},"modified":"2025-09-24T18:26:55","modified_gmt":"2025-09-24T16:26:55","slug":"roza","status":"publish","type":"product","link":"https:\/\/jabrzezinscy.pl\/?product=roza","title":{"rendered":"R\u00f3\u017ca"},"content":{"rendered":"<blockquote>\n<p data-start=\"201\" data-end=\"413\">Seria <strong data-start=\"207\" data-end=\"220\">\u201eSiostry\u201d<\/strong> jest rozleg\u0142\u0105 opowie\u015bci\u0105 o kobieco\u015bci, r\u00f3\u017cnorodno\u015bci i sile blisko\u015bci.<br data-start=\"291\" data-end=\"294\" \/>W jej ramach powsta\u0142o wiele obraz\u00f3w, ale ten cykl \u2013 pi\u0119\u0107 p\u0142yn\u0105cych razem postaci \u2013 tworzy osobny, zamkni\u0119ty rozdzia\u0142.<\/p>\n<p data-start=\"415\" data-end=\"620\">To historie pi\u0119ciu kobiet, kt\u00f3re spotykaj\u0105 si\u0119 w wodzie. Nie rywalizuj\u0105, nie musz\u0105 udowadnia\u0107 swojej wy\u017cszo\u015bci.<br data-start=\"528\" data-end=\"531\" \/>Ich moc tkwi w tym, \u017ce <strong data-start=\"554\" data-end=\"569\">p\u0142yn\u0105 razem<\/strong> \u2013 ka\u017cda w swoim rytmie, ka\u017cda ze swoj\u0105 histori\u0105.<\/p>\n<\/blockquote>\n<h3 data-start=\"941\" data-end=\"973\">\ud83c\udf39 R\u00f3\u017ca \u2013 p\u0142ynie jak taniec<\/h3>\n<p data-start=\"974\" data-end=\"1245\">R\u00f3\u017ca niesie w sobie paradoks \u2013 jest delikatna, pe\u0142na wdzi\u0119ku, a jednocze\u015bnie nie da si\u0119 jej zlekcewa\u017cy\u0107.<br data-start=\"1078\" data-end=\"1081\" \/>Jest emocj\u0105: nami\u0119tno\u015bci\u0105, rado\u015bci\u0105, czasem gniewem.<br data-start=\"1133\" data-end=\"1136\" \/>P\u0142ynie jak taniec \u2013 nieprzewidywalny, \u017cywy, intensywny. Uczy, \u017ce wra\u017cliwo\u015b\u0107 i moc mog\u0105 istnie\u0107 obok siebie.<\/p>\n<p data-rm-block-id=\"block-1\"><img fetchpriority=\"high\" decoding=\"async\" class=\"alignnone wp-image-5697 size-full\" src=\"https:\/\/jabrzezinscy.pl\/wp-content\/uploads\/2025\/06\/DSC_2136.jpg\" alt=\"\" width=\"3312\" height=\"4240\" \/><\/p>\n<p data-rm-block-id=\"block-2\"><strong>R\u00f3\u017ca z cyklu Siostry | olej na p\u0142\u00f3tnie | 2025 | 90 cm \u00d7 70 cm x 2,5 cm<\/strong><\/p>\n","protected":false},"excerpt":{"rendered":"<p>90 x70x 2,5 cm (wys. x szer.)<\/p>\n<p>P\u0142ynie jak taniec \u2013 nieprzewidywalny, \u017cywy, intensywny.<\/p>\n","protected":false},"featured_media":5697,"comment_status":"closed","ping_status":"closed","template":"","meta":[],"product_brand":[],"product_cat":[16],"product_tag":[56,55,54],"class_list":{"0":"post-5693","1":"product","2":"type-product","3":"status-publish","4":"has-post-thumbnail","6":"product_cat-olej","7":"product_tag-agnieszka-brzezinska","8":"product_tag-olej","9":"product_tag-siostry","11":"first","12":"instock","13":"shipping-taxable","14":"purchasable","15":"product-type-simple"},"_links":{"self":[{"href":"https:\/\/jabrzezinscy.pl\/index.php?rest_route=\/wp\/v2\/product\/5693","targetHints":{"allow":["GET"]}}],"collection":[{"href":"https:\/\/jabrzezinscy.pl\/index.php?rest_route=\/wp\/v2\/product"}],"about":[{"href":"https:\/\/jabrzezinscy.pl\/index.php?rest_route=\/wp\/v2\/types\/product"}],"replies":[{"embeddable":true,"href":"https:\/\/jabrzezinscy.pl\/index.php?rest_route=%2Fwp%2Fv2%2Fcomments&post=5693"}],"version-history":[{"count":6,"href":"https:\/\/jabrzezinscy.pl\/index.php?rest_route=\/wp\/v2\/product\/5693\/revisions"}],"predecessor-version":[{"id":5957,"href":"https:\/\/jabrzezinscy.pl\/index.php?rest_route=\/wp\/v2\/product\/5693\/revisions\/5957"}],"wp:featuredmedia":[{"embeddable":true,"href":"https:\/\/jabrzezinscy.pl\/index.php?rest_route=\/wp\/v2\/media\/5697"}],"wp:attachment":[{"href":"https:\/\/jabrzezinscy.pl\/index.php?rest_route=%2Fwp%2Fv2%2Fmedia&parent=5693"}],"wp:term":[{"taxonomy":"product_brand","embeddable":true,"href":"https:\/\/jabrzezinscy.pl\/index.php?rest_route=%2Fwp%2Fv2%2Fproduct_brand&post=5693"},{"taxonomy":"product_cat","embeddable":true,"href":"https:\/\/jabrzezinscy.pl\/index.php?rest_route=%2Fwp%2Fv2%2Fproduct_cat&post=5693"},{"taxonomy":"product_tag","embeddable":true,"href":"https:\/\/jabrzezinscy.pl\/index.php?rest_route=%2Fwp%2Fv2%2Fproduct_tag&post=5693"}],"curies":[{"name":"wp","href":"https:\/\/api.w.org\/{rel}","templated":true}]}}