{"id":5704,"date":"2025-06-18T18:41:27","date_gmt":"2025-06-18T16:41:27","guid":{"rendered":"https:\/\/jabrzezinscy.pl\/?post_type=product&#038;p=5704"},"modified":"2025-09-24T18:17:30","modified_gmt":"2025-09-24T16:17:30","slug":"kora","status":"publish","type":"product","link":"https:\/\/jabrzezinscy.pl\/?product=kora","title":{"rendered":"Kora"},"content":{"rendered":"<blockquote>\n<p data-start=\"201\" data-end=\"413\" data-rm-block-id=\"block-1\">Seria <strong data-start=\"207\" data-end=\"220\">\u201eSiostry\u201d<\/strong> jest rozleg\u0142\u0105 opowie\u015bci\u0105 o kobieco\u015bci, r\u00f3\u017cnorodno\u015bci i sile blisko\u015bci.<br data-start=\"291\" data-end=\"294\" \/>W jej ramach powsta\u0142o wiele obraz\u00f3w, ale ten cykl \u2013 pi\u0119\u0107 p\u0142yn\u0105cych razem postaci \u2013 tworzy osobny, zamkni\u0119ty rozdzia\u0142.<\/p>\n<p data-start=\"415\" data-end=\"620\" data-rm-block-id=\"block-2\">To historie pi\u0119ciu kobiet, kt\u00f3re spotykaj\u0105 si\u0119 w wodzie. Nie rywalizuj\u0105, nie musz\u0105 udowadnia\u0107 swojej wy\u017cszo\u015bci.<br data-start=\"528\" data-end=\"531\" \/>Ich moc tkwi w tym, \u017ce p\u0142yn\u0105 razem \u2013 ka\u017cda w swoim rytmie, ka\u017cda ze swoj\u0105 histori\u0105.<\/p>\n<\/blockquote>\n<h3 data-start=\"1252\" data-end=\"1287\" data-rm-block-id=\"block-3\">\ud83c\udf33 Kora \u2013 zakorzeniona w sile<\/h3>\n<p data-start=\"1288\" data-end=\"1540\" data-rm-block-id=\"block-4\">Kora jest ziemi\u0105 i stabilno\u015bci\u0105. W wodzie pozostaje pewna, rytmiczna, stanowcza.<br data-start=\"1368\" data-end=\"1371\" \/>To ona przypomina, \u017ce nawet w najbardziej zmiennych \u017cywio\u0142ach mo\u017cemy odnale\u017a\u0107 oparcie.<br data-start=\"1457\" data-end=\"1460\" \/>Jej energia to fundament \u2013 dzi\u0119ki niej siostry czuj\u0105, \u017ce razem tworz\u0105 jedno\u015b\u0107.<\/p>\n<p data-rm-block-id=\"block-5\"><img fetchpriority=\"high\" decoding=\"async\" class=\"alignnone wp-image-5706 size-full\" src=\"https:\/\/jabrzezinscy.pl\/wp-content\/uploads\/2025\/06\/DSC_2138a.jpg\" alt=\"\" width=\"1520\" height=\"1976\" \/><\/p>\n<p data-rm-block-id=\"block-6\"><strong>Kora z cyklu Siostry | olej na p\u0142\u00f3tnie | 2025 | 90 cm \u00d7 70 cm x 2,5 cm<\/strong><\/p>\n","protected":false},"excerpt":{"rendered":"<p>90 x70x 2,5 cm (wys. x szer.)<\/p>\n<p>Ona przypomina, \u017ce nawet w najbardziej zmiennych \u017cywio\u0142ach mo\u017cemy odnale\u017a\u0107 oparcie.<\/p>\n","protected":false},"featured_media":5706,"comment_status":"closed","ping_status":"closed","template":"","meta":[],"product_brand":[],"product_cat":[16],"product_tag":[56,55,54],"class_list":{"0":"post-5704","1":"product","2":"type-product","3":"status-publish","4":"has-post-thumbnail","6":"product_cat-olej","7":"product_tag-agnieszka-brzezinska","8":"product_tag-olej","9":"product_tag-siostry","11":"first","12":"instock","13":"shipping-taxable","14":"purchasable","15":"product-type-simple"},"_links":{"self":[{"href":"https:\/\/jabrzezinscy.pl\/index.php?rest_route=\/wp\/v2\/product\/5704","targetHints":{"allow":["GET"]}}],"collection":[{"href":"https:\/\/jabrzezinscy.pl\/index.php?rest_route=\/wp\/v2\/product"}],"about":[{"href":"https:\/\/jabrzezinscy.pl\/index.php?rest_route=\/wp\/v2\/types\/product"}],"replies":[{"embeddable":true,"href":"https:\/\/jabrzezinscy.pl\/index.php?rest_route=%2Fwp%2Fv2%2Fcomments&post=5704"}],"version-history":[{"count":6,"href":"https:\/\/jabrzezinscy.pl\/index.php?rest_route=\/wp\/v2\/product\/5704\/revisions"}],"predecessor-version":[{"id":5851,"href":"https:\/\/jabrzezinscy.pl\/index.php?rest_route=\/wp\/v2\/product\/5704\/revisions\/5851"}],"wp:featuredmedia":[{"embeddable":true,"href":"https:\/\/jabrzezinscy.pl\/index.php?rest_route=\/wp\/v2\/media\/5706"}],"wp:attachment":[{"href":"https:\/\/jabrzezinscy.pl\/index.php?rest_route=%2Fwp%2Fv2%2Fmedia&parent=5704"}],"wp:term":[{"taxonomy":"product_brand","embeddable":true,"href":"https:\/\/jabrzezinscy.pl\/index.php?rest_route=%2Fwp%2Fv2%2Fproduct_brand&post=5704"},{"taxonomy":"product_cat","embeddable":true,"href":"https:\/\/jabrzezinscy.pl\/index.php?rest_route=%2Fwp%2Fv2%2Fproduct_cat&post=5704"},{"taxonomy":"product_tag","embeddable":true,"href":"https:\/\/jabrzezinscy.pl\/index.php?rest_route=%2Fwp%2Fv2%2Fproduct_tag&post=5704"}],"curies":[{"name":"wp","href":"https:\/\/api.w.org\/{rel}","templated":true}]}}